{"id":103,"date":"2022-10-05T12:37:36","date_gmt":"2022-10-05T12:37:36","guid":{"rendered":"https:\/\/srebrnica.pl\/?post_type=product&#038;p=103"},"modified":"2023-06-11T18:00:28","modified_gmt":"2023-06-11T16:00:28","slug":"lancuszek-zmijka-55-cm-srebro-925","status":"publish","type":"product","link":"https:\/\/srebrnica.pl\/index.php\/produkt\/lancuszek-zmijka-55-cm-srebro-925\/","title":{"rendered":"\u0141a\u0144cuszek \u017cmijka 55 cm srebro 925"},"content":{"rendered":"<p>\u0141a\u0144cuszek damski wykonany ze srebra pr\u00f3by 925.<br \/>\nKlasyczny wz\u00f3r, tzw. &#8222;\u017cmijka&#8221;.<br \/>\nD\u0142ugo\u015b\u0107 55 cm.<\/p>\n","protected":false},"excerpt":{"rendered":"<p>\u0141a\u0144cuszek damski wykonany ze srebra pr\u00f3by 925. Klasyczny wz\u00f3r, tzw. &#8222;\u017cmijka&#8221;. D\u0142ugo\u015b\u0107 55 cm.<\/p>\n","protected":false},"featured_media":104,"comment_status":"open","ping_status":"closed","template":"","meta":{"_monsterinsights_skip_tracking":false,"_monsterinsights_sitenote_active":false,"_monsterinsights_sitenote_note":"","_monsterinsights_sitenote_category":0,"_uf_show_specific_survey":0,"_uf_disable_surveys":false},"product_brand":[],"product_cat":[22,30],"product_tag":[34,27,26,42],"class_list":{"0":"post-103","1":"product","2":"type-product","3":"status-publish","4":"has-post-thumbnail","6":"product_cat-bizuteria-damska","7":"product_cat-lancuszki","8":"product_tag-lancuszek","9":"product_tag-srebrna-bizuteria","10":"product_tag-srebro925","11":"product_tag-zmijka","13":"first","14":"instock","15":"shipping-taxable","16":"purchasable","17":"product-type-simple"},"aioseo_notices":[],"_links":{"self":[{"href":"https:\/\/srebrnica.pl\/index.php\/wp-json\/wp\/v2\/product\/103","targetHints":{"allow":["GET"]}}],"collection":[{"href":"https:\/\/srebrnica.pl\/index.php\/wp-json\/wp\/v2\/product"}],"about":[{"href":"https:\/\/srebrnica.pl\/index.php\/wp-json\/wp\/v2\/types\/product"}],"replies":[{"embeddable":true,"href":"https:\/\/srebrnica.pl\/index.php\/wp-json\/wp\/v2\/comments?post=103"}],"wp:featuredmedia":[{"embeddable":true,"href":"https:\/\/srebrnica.pl\/index.php\/wp-json\/wp\/v2\/media\/104"}],"wp:attachment":[{"href":"https:\/\/srebrnica.pl\/index.php\/wp-json\/wp\/v2\/media?parent=103"}],"wp:term":[{"taxonomy":"product_brand","embeddable":true,"href":"https:\/\/srebrnica.pl\/index.php\/wp-json\/wp\/v2\/product_brand?post=103"},{"taxonomy":"product_cat","embeddable":true,"href":"https:\/\/srebrnica.pl\/index.php\/wp-json\/wp\/v2\/product_cat?post=103"},{"taxonomy":"product_tag","embeddable":true,"href":"https:\/\/srebrnica.pl\/index.php\/wp-json\/wp\/v2\/product_tag?post=103"}],"curies":[{"name":"wp","href":"https:\/\/api.w.org\/{rel}","templated":true}]}}