{"id":1043,"date":"2022-12-14T15:11:43","date_gmt":"2022-12-14T15:11:43","guid":{"rendered":"https:\/\/srebrnica.pl\/?post_type=product&#038;p=1043"},"modified":"2023-06-11T17:57:00","modified_gmt":"2023-06-11T15:57:00","slug":"naszyjnik-lancuszek-mis-tous-zestaw-srebro-srebrny-95-prezent","status":"publish","type":"product","link":"https:\/\/srebrnica.pl\/index.php\/produkt\/naszyjnik-lancuszek-mis-tous-zestaw-srebro-srebrny-95-prezent\/","title":{"rendered":"Naszyjnik \u0142a\u0144cuszek mi\u015b Tous zestaw srebro srebrny 95 prezent"},"content":{"rendered":"<p>M\u0142odzie\u017cowy, srebrny naszyjnik , zestaw w sk\u0142ad kt\u00f3rego wchodz\u0105 \u0142a\u0144cuszek i przywieszka mi\u015b oraz serce.<\/p>\n<p>Materia\u0142: srebro 925<\/p>\n<p>Waga: ok, 8 g<\/p>\n<p>Wszystkie produkty posiadaj\u0105 metki jubilerskie potwierdzaj\u0105ce autentyczno\u015b\u0107.<\/p>\n<p>&nbsp;<\/p>\n","protected":false},"excerpt":{"rendered":"<p>M\u0142odzie\u017cowy, srebrny naszyjnik , zestaw w sk\u0142ad kt\u00f3rego wchodz\u0105 \u0142a\u0144cuszek i przywieszka mi\u015b oraz serce. Materia\u0142: srebro 925 Waga: ok,&hellip;<\/p>\n","protected":false},"featured_media":1045,"comment_status":"open","ping_status":"closed","template":"","meta":{"_monsterinsights_skip_tracking":false,"_monsterinsights_sitenote_active":false,"_monsterinsights_sitenote_note":"","_monsterinsights_sitenote_category":0,"_uf_show_specific_survey":0,"_uf_disable_surveys":false},"product_brand":[],"product_cat":[22,32],"product_tag":[],"class_list":{"0":"post-1043","1":"product","2":"type-product","3":"status-publish","4":"has-post-thumbnail","6":"product_cat-bizuteria-damska","7":"product_cat-zestawy","9":"first","10":"instock","11":"shipping-taxable","12":"purchasable","13":"product-type-simple"},"aioseo_notices":[],"_links":{"self":[{"href":"https:\/\/srebrnica.pl\/index.php\/wp-json\/wp\/v2\/product\/1043","targetHints":{"allow":["GET"]}}],"collection":[{"href":"https:\/\/srebrnica.pl\/index.php\/wp-json\/wp\/v2\/product"}],"about":[{"href":"https:\/\/srebrnica.pl\/index.php\/wp-json\/wp\/v2\/types\/product"}],"replies":[{"embeddable":true,"href":"https:\/\/srebrnica.pl\/index.php\/wp-json\/wp\/v2\/comments?post=1043"}],"wp:featuredmedia":[{"embeddable":true,"href":"https:\/\/srebrnica.pl\/index.php\/wp-json\/wp\/v2\/media\/1045"}],"wp:attachment":[{"href":"https:\/\/srebrnica.pl\/index.php\/wp-json\/wp\/v2\/media?parent=1043"}],"wp:term":[{"taxonomy":"product_brand","embeddable":true,"href":"https:\/\/srebrnica.pl\/index.php\/wp-json\/wp\/v2\/product_brand?post=1043"},{"taxonomy":"product_cat","embeddable":true,"href":"https:\/\/srebrnica.pl\/index.php\/wp-json\/wp\/v2\/product_cat?post=1043"},{"taxonomy":"product_tag","embeddable":true,"href":"https:\/\/srebrnica.pl\/index.php\/wp-json\/wp\/v2\/product_tag?post=1043"}],"curies":[{"name":"wp","href":"https:\/\/api.w.org\/{rel}","templated":true}]}}