{"id":107,"date":"2022-10-05T13:11:18","date_gmt":"2022-10-05T13:11:18","guid":{"rendered":"https:\/\/srebrnica.pl\/?post_type=product&#038;p=107"},"modified":"2023-06-11T18:00:28","modified_gmt":"2023-06-11T16:00:28","slug":"bransoletka-damska-regulowana-koraliki-serce-srebro-925","status":"publish","type":"product","link":"https:\/\/srebrnica.pl\/index.php\/produkt\/bransoletka-damska-regulowana-koraliki-serce-srebro-925\/","title":{"rendered":"Bransoletka damska regulowana koraliki serce srebro 925"},"content":{"rendered":"<p>Delikatna, zmys\u0142owa bransoletka damska wykonana ze srebra pr\u00f3by 925.<br \/>\nBi\u017cuteria jest regulowana, wi\u0119c pasuje na ka\u017cdy rozmiar r\u0119ki.<br \/>\nWaga: 15 g<\/p>\n","protected":false},"excerpt":{"rendered":"<p>Bransoletka damska, srebro 925. Regulowana z ozdobnymi koralikami.<\/p>\n","protected":false},"featured_media":108,"comment_status":"open","ping_status":"closed","template":"","meta":{"_monsterinsights_skip_tracking":false,"_monsterinsights_sitenote_active":false,"_monsterinsights_sitenote_note":"","_monsterinsights_sitenote_category":0,"_uf_show_specific_survey":0,"_uf_disable_surveys":false},"product_brand":[],"product_cat":[22,31],"product_tag":[43,37,25,26],"class_list":{"0":"post-107","1":"product","2":"type-product","3":"status-publish","4":"has-post-thumbnail","6":"product_cat-bizuteria-damska","7":"product_cat-bransoletka","8":"product_tag-bransoletka","9":"product_tag-serce","10":"product_tag-srebro","11":"product_tag-srebro925","13":"first","14":"instock","15":"shipping-taxable","16":"purchasable","17":"product-type-simple"},"aioseo_notices":[],"_links":{"self":[{"href":"https:\/\/srebrnica.pl\/index.php\/wp-json\/wp\/v2\/product\/107","targetHints":{"allow":["GET"]}}],"collection":[{"href":"https:\/\/srebrnica.pl\/index.php\/wp-json\/wp\/v2\/product"}],"about":[{"href":"https:\/\/srebrnica.pl\/index.php\/wp-json\/wp\/v2\/types\/product"}],"replies":[{"embeddable":true,"href":"https:\/\/srebrnica.pl\/index.php\/wp-json\/wp\/v2\/comments?post=107"}],"wp:featuredmedia":[{"embeddable":true,"href":"https:\/\/srebrnica.pl\/index.php\/wp-json\/wp\/v2\/media\/108"}],"wp:attachment":[{"href":"https:\/\/srebrnica.pl\/index.php\/wp-json\/wp\/v2\/media?parent=107"}],"wp:term":[{"taxonomy":"product_brand","embeddable":true,"href":"https:\/\/srebrnica.pl\/index.php\/wp-json\/wp\/v2\/product_brand?post=107"},{"taxonomy":"product_cat","embeddable":true,"href":"https:\/\/srebrnica.pl\/index.php\/wp-json\/wp\/v2\/product_cat?post=107"},{"taxonomy":"product_tag","embeddable":true,"href":"https:\/\/srebrnica.pl\/index.php\/wp-json\/wp\/v2\/product_tag?post=107"}],"curies":[{"name":"wp","href":"https:\/\/api.w.org\/{rel}","templated":true}]}}