{"id":1105,"date":"2023-01-03T13:45:14","date_gmt":"2023-01-03T13:45:14","guid":{"rendered":"https:\/\/srebrnica.pl\/?post_type=product&#038;p=1105"},"modified":"2023-07-06T16:52:22","modified_gmt":"2023-07-06T14:52:22","slug":"pierscionek-kot-regulowany-srebrny-925-prezent","status":"publish","type":"product","link":"https:\/\/srebrnica.pl\/index.php\/produkt\/pierscionek-kot-regulowany-srebrny-925-prezent\/","title":{"rendered":"Pier\u015bcionek kot regulowany srebrny 925 prezent"},"content":{"rendered":"<p>Dla wszystkich kociarzy.<\/p>\n<p>Srebrny pier\u015bcionek w kszta\u0142cie le\u017c\u0105cego kota<\/p>\n<p>Rozmiar: regulowany<\/p>\n<p>Materia\u0142: srebro 925<\/p>\n<p>Waga: ok. 5,5 g<\/p>\n<p>Wszystkie produkty posiadaj\u0105 metki jubilerskie oraz wybit\u0105 pr\u00f3b\u0119 925.<\/p>\n<p>&nbsp;<\/p>\n","protected":false},"excerpt":{"rendered":"<p>Dla wszystkich kociarzy. Srebrny pier\u015bcionek w kszta\u0142cie le\u017c\u0105cego kota Rozmiar: regulowany Materia\u0142: srebro 925 Waga: ok. 5,5 g Wszystkie produkty&hellip;<\/p>\n","protected":false},"featured_media":1106,"comment_status":"open","ping_status":"closed","template":"","meta":{"_monsterinsights_skip_tracking":false,"_monsterinsights_sitenote_active":false,"_monsterinsights_sitenote_note":"","_monsterinsights_sitenote_category":0,"_uf_show_specific_survey":0,"_uf_disable_surveys":false},"product_brand":[],"product_cat":[22,23],"product_tag":[],"class_list":{"0":"post-1105","1":"product","2":"type-product","3":"status-publish","4":"has-post-thumbnail","6":"product_cat-bizuteria-damska","7":"product_cat-pierscionki","9":"first","10":"instock","11":"shipping-taxable","12":"purchasable","13":"product-type-simple"},"aioseo_notices":[],"_links":{"self":[{"href":"https:\/\/srebrnica.pl\/index.php\/wp-json\/wp\/v2\/product\/1105","targetHints":{"allow":["GET"]}}],"collection":[{"href":"https:\/\/srebrnica.pl\/index.php\/wp-json\/wp\/v2\/product"}],"about":[{"href":"https:\/\/srebrnica.pl\/index.php\/wp-json\/wp\/v2\/types\/product"}],"replies":[{"embeddable":true,"href":"https:\/\/srebrnica.pl\/index.php\/wp-json\/wp\/v2\/comments?post=1105"}],"wp:featuredmedia":[{"embeddable":true,"href":"https:\/\/srebrnica.pl\/index.php\/wp-json\/wp\/v2\/media\/1106"}],"wp:attachment":[{"href":"https:\/\/srebrnica.pl\/index.php\/wp-json\/wp\/v2\/media?parent=1105"}],"wp:term":[{"taxonomy":"product_brand","embeddable":true,"href":"https:\/\/srebrnica.pl\/index.php\/wp-json\/wp\/v2\/product_brand?post=1105"},{"taxonomy":"product_cat","embeddable":true,"href":"https:\/\/srebrnica.pl\/index.php\/wp-json\/wp\/v2\/product_cat?post=1105"},{"taxonomy":"product_tag","embeddable":true,"href":"https:\/\/srebrnica.pl\/index.php\/wp-json\/wp\/v2\/product_tag?post=1105"}],"curies":[{"name":"wp","href":"https:\/\/api.w.org\/{rel}","templated":true}]}}