{"id":120,"date":"2022-10-06T13:37:58","date_gmt":"2022-10-06T13:37:58","guid":{"rendered":"https:\/\/srebrnica.pl\/?post_type=product&#038;p=120"},"modified":"2023-07-14T15:53:48","modified_gmt":"2023-07-14T13:53:48","slug":"lancuszek-50-cm-bransoletka-meska-zestaw-srebro-925-kopia","status":"publish","type":"product","link":"https:\/\/srebrnica.pl\/index.php\/produkt\/lancuszek-50-cm-bransoletka-meska-zestaw-srebro-925-kopia\/","title":{"rendered":"\u0141a\u0144cuszek 50 cm bransoletka m\u0119ska zestaw srebro 925"},"content":{"rendered":"<p>M\u0119ski zestaw srebrnej bi\u017cuterii wykonany ze srebra pr\u00f3by 925.<br \/>\nW sk\u0142ad zestawu wchodz\u0105:<br \/>\n\u0141a\u0144cuszek &#8211; 50 cm \/4mm<br \/>\nBransoletka &#8211; 20 cm \/4mm<\/p>\n<p>Waga: ok, 13,7g<\/p>\n<p>Wszystkie produkty posiadaj\u0105 metki jubilerskie potwierdzaj\u0105ce autentyczno\u015b\u0107.<\/p>\n","protected":false},"excerpt":{"rendered":"<p>Zestaw \u0142a\u0144cuszek+ bransoletka m\u0119ska<br \/>\nSrebro 925.<\/p>\n","protected":false},"featured_media":116,"comment_status":"closed","ping_status":"closed","template":"","meta":{"_monsterinsights_skip_tracking":false,"_monsterinsights_sitenote_active":false,"_monsterinsights_sitenote_note":"","_monsterinsights_sitenote_category":0,"_uf_show_specific_survey":0,"_uf_disable_surveys":false},"product_brand":[],"product_cat":[38,44],"product_tag":[43,34,41,40,27,25,24],"class_list":{"0":"post-120","1":"product","2":"type-product","3":"status-publish","4":"has-post-thumbnail","6":"product_cat-bizuteria-meska","7":"product_cat-zestawy-bizuteria-meska","8":"product_tag-bransoletka","9":"product_tag-lancuszek","10":"product_tag-meska-bizuteriameska-bransoletka-pancerka-srebro925","11":"product_tag-meskie","12":"product_tag-srebrna-bizuteria","13":"product_tag-srebro","14":"product_tag-zestaw","16":"first","17":"instock","18":"shipping-taxable","19":"purchasable","20":"product-type-simple"},"aioseo_notices":[],"_links":{"self":[{"href":"https:\/\/srebrnica.pl\/index.php\/wp-json\/wp\/v2\/product\/120","targetHints":{"allow":["GET"]}}],"collection":[{"href":"https:\/\/srebrnica.pl\/index.php\/wp-json\/wp\/v2\/product"}],"about":[{"href":"https:\/\/srebrnica.pl\/index.php\/wp-json\/wp\/v2\/types\/product"}],"replies":[{"embeddable":true,"href":"https:\/\/srebrnica.pl\/index.php\/wp-json\/wp\/v2\/comments?post=120"}],"wp:featuredmedia":[{"embeddable":true,"href":"https:\/\/srebrnica.pl\/index.php\/wp-json\/wp\/v2\/media\/116"}],"wp:attachment":[{"href":"https:\/\/srebrnica.pl\/index.php\/wp-json\/wp\/v2\/media?parent=120"}],"wp:term":[{"taxonomy":"product_brand","embeddable":true,"href":"https:\/\/srebrnica.pl\/index.php\/wp-json\/wp\/v2\/product_brand?post=120"},{"taxonomy":"product_cat","embeddable":true,"href":"https:\/\/srebrnica.pl\/index.php\/wp-json\/wp\/v2\/product_cat?post=120"},{"taxonomy":"product_tag","embeddable":true,"href":"https:\/\/srebrnica.pl\/index.php\/wp-json\/wp\/v2\/product_tag?post=120"}],"curies":[{"name":"wp","href":"https:\/\/api.w.org\/{rel}","templated":true}]}}