{"id":122,"date":"2022-10-06T13:44:14","date_gmt":"2022-10-06T13:44:14","guid":{"rendered":"https:\/\/srebrnica.pl\/?post_type=product&#038;p=122"},"modified":"2023-06-11T18:01:16","modified_gmt":"2023-06-11T16:01:16","slug":"zestaw-drzewo-lancuszek-przywieszka-kolczyki-srebro-925","status":"publish","type":"product","link":"https:\/\/srebrnica.pl\/index.php\/produkt\/zestaw-drzewo-lancuszek-przywieszka-kolczyki-srebro-925\/","title":{"rendered":"Zestaw Drzewo \u0142a\u0144cuszek przywieszka kolczyki srebro 925"},"content":{"rendered":"<p>Eklektyczny zestaw utrzymany w stylu Boho.<br \/>\nWyra\u017caj\u0105cy jedno\u015b\u0107 z natur\u0105 i harmoni\u0119.<br \/>\nSrebrna bi\u017cuteria pr\u00f3by 925.<br \/>\nW sk\u0142ad zestawu wchodz\u0105:<br \/>\n\u0141a\u0144cuszek &#8211; 45 cm<br \/>\nPrzywieszka<br \/>\nKolczyki<\/p>\n<p>Waga: ok 9 g<\/p>\n<p>Wszystkie produkty posiadaj\u0105 metki jubilerskie potwierdzaj\u0105ce autentyczno\u015b\u0107.<\/p>\n","protected":false},"excerpt":{"rendered":"<p>Zestaw Drzewo, srebro 925.<br \/>\n\u0141a\u0144cuszek, przywieszka, kolczyki.<\/p>\n","protected":false},"featured_media":123,"comment_status":"open","ping_status":"closed","template":"","meta":{"_monsterinsights_skip_tracking":false,"_monsterinsights_sitenote_active":false,"_monsterinsights_sitenote_note":"","_monsterinsights_sitenote_category":0,"_uf_show_specific_survey":0,"_uf_disable_surveys":false},"product_brand":[],"product_cat":[22,32],"product_tag":[36,34,35,27,25,26,24],"class_list":{"0":"post-122","1":"product","2":"type-product","3":"status-publish","4":"has-post-thumbnail","6":"product_cat-bizuteria-damska","7":"product_cat-zestawy","8":"product_tag-kolczyki","9":"product_tag-lancuszek","10":"product_tag-przywieszka","11":"product_tag-srebrna-bizuteria","12":"product_tag-srebro","13":"product_tag-srebro925","14":"product_tag-zestaw","16":"first","17":"instock","18":"shipping-taxable","19":"purchasable","20":"product-type-simple"},"aioseo_notices":[],"_links":{"self":[{"href":"https:\/\/srebrnica.pl\/index.php\/wp-json\/wp\/v2\/product\/122","targetHints":{"allow":["GET"]}}],"collection":[{"href":"https:\/\/srebrnica.pl\/index.php\/wp-json\/wp\/v2\/product"}],"about":[{"href":"https:\/\/srebrnica.pl\/index.php\/wp-json\/wp\/v2\/types\/product"}],"replies":[{"embeddable":true,"href":"https:\/\/srebrnica.pl\/index.php\/wp-json\/wp\/v2\/comments?post=122"}],"wp:featuredmedia":[{"embeddable":true,"href":"https:\/\/srebrnica.pl\/index.php\/wp-json\/wp\/v2\/media\/123"}],"wp:attachment":[{"href":"https:\/\/srebrnica.pl\/index.php\/wp-json\/wp\/v2\/media?parent=122"}],"wp:term":[{"taxonomy":"product_brand","embeddable":true,"href":"https:\/\/srebrnica.pl\/index.php\/wp-json\/wp\/v2\/product_brand?post=122"},{"taxonomy":"product_cat","embeddable":true,"href":"https:\/\/srebrnica.pl\/index.php\/wp-json\/wp\/v2\/product_cat?post=122"},{"taxonomy":"product_tag","embeddable":true,"href":"https:\/\/srebrnica.pl\/index.php\/wp-json\/wp\/v2\/product_tag?post=122"}],"curies":[{"name":"wp","href":"https:\/\/api.w.org\/{rel}","templated":true}]}}