{"id":1297,"date":"2023-03-20T11:35:48","date_gmt":"2023-03-20T11:35:48","guid":{"rendered":"https:\/\/srebrnica.pl\/?post_type=product&#038;p=1297"},"modified":"2023-06-11T17:54:43","modified_gmt":"2023-06-11T15:54:43","slug":"bransoletka-s925-srebrna-srebro-damska-serce","status":"publish","type":"product","link":"https:\/\/srebrnica.pl\/index.php\/produkt\/bransoletka-s925-srebrna-srebro-damska-serce\/","title":{"rendered":"Bransoletka s925 srebrna srebro damska serce"},"content":{"rendered":"<p>Romantyczna, srebrna bransoletka damska z motywem serca, ozdobiona delikatnymi kryszta\u0142kami.<\/p>\n<p>&nbsp;<\/p>\n<p>Wybita pr\u00f3ba 925.<\/p>\n<p>&nbsp;<\/p>\n<p>D\u0142ugo\u015b\u0107: 20 cm<\/p>\n<p>&nbsp;<\/p>\n<p>Waga: ok, 7,5 g<\/p>\n<p>&nbsp;<\/p>\n<p>Wszystkie produkty posiadaj\u0105 metki jubilerskie.<\/p>\n<p>&nbsp;<\/p>\n<p>Przesy\u0142ki op\u0142acone do godziny 12 pon-pt, wysy\u0142ka tego samego dnia!<\/p>\n","protected":false},"excerpt":{"rendered":"<p>Romantyczna, srebrna bransoletka damska z motywem serca, ozdobiona delikatnymi kryszta\u0142kami. &nbsp; Wybita pr\u00f3ba 925. &nbsp; D\u0142ugo\u015b\u0107: 20 cm &nbsp; Waga:&hellip;<\/p>\n","protected":false},"featured_media":1824,"comment_status":"open","ping_status":"closed","template":"","meta":{"_monsterinsights_skip_tracking":false,"_monsterinsights_sitenote_active":false,"_monsterinsights_sitenote_note":"","_monsterinsights_sitenote_category":0,"_uf_show_specific_survey":0,"_uf_disable_surveys":false},"product_brand":[],"product_cat":[22,31],"product_tag":[],"class_list":{"0":"post-1297","1":"product","2":"type-product","3":"status-publish","4":"has-post-thumbnail","6":"product_cat-bizuteria-damska","7":"product_cat-bransoletka","9":"first","10":"instock","11":"shipping-taxable","12":"purchasable","13":"product-type-simple"},"aioseo_notices":[],"_links":{"self":[{"href":"https:\/\/srebrnica.pl\/index.php\/wp-json\/wp\/v2\/product\/1297","targetHints":{"allow":["GET"]}}],"collection":[{"href":"https:\/\/srebrnica.pl\/index.php\/wp-json\/wp\/v2\/product"}],"about":[{"href":"https:\/\/srebrnica.pl\/index.php\/wp-json\/wp\/v2\/types\/product"}],"replies":[{"embeddable":true,"href":"https:\/\/srebrnica.pl\/index.php\/wp-json\/wp\/v2\/comments?post=1297"}],"wp:featuredmedia":[{"embeddable":true,"href":"https:\/\/srebrnica.pl\/index.php\/wp-json\/wp\/v2\/media\/1824"}],"wp:attachment":[{"href":"https:\/\/srebrnica.pl\/index.php\/wp-json\/wp\/v2\/media?parent=1297"}],"wp:term":[{"taxonomy":"product_brand","embeddable":true,"href":"https:\/\/srebrnica.pl\/index.php\/wp-json\/wp\/v2\/product_brand?post=1297"},{"taxonomy":"product_cat","embeddable":true,"href":"https:\/\/srebrnica.pl\/index.php\/wp-json\/wp\/v2\/product_cat?post=1297"},{"taxonomy":"product_tag","embeddable":true,"href":"https:\/\/srebrnica.pl\/index.php\/wp-json\/wp\/v2\/product_tag?post=1297"}],"curies":[{"name":"wp","href":"https:\/\/api.w.org\/{rel}","templated":true}]}}