{"id":171,"date":"2022-10-13T12:35:02","date_gmt":"2022-10-13T12:35:02","guid":{"rendered":"https:\/\/srebrnica.pl\/?post_type=product&#038;p=171"},"modified":"2023-06-11T18:01:14","modified_gmt":"2023-06-11T16:01:14","slug":"kot-bizuteria-damska-srebro-925-zestaw","status":"publish","type":"product","link":"https:\/\/srebrnica.pl\/index.php\/produkt\/kot-bizuteria-damska-srebro-925-zestaw\/","title":{"rendered":"Kot bi\u017cuteria damska srebro 925 zestaw"},"content":{"rendered":"<p>Gustowna srebrna bi\u017cuteria z motywem kota.<\/p>\n<p>Srebro 925.<\/p>\n<p>W sk\u0142ad zestawu wchodz\u0105:<\/p>\n<p>\u0141a\u0144cuszek<\/p>\n<p>Przywieszka<\/p>\n<p>Kolczyki<\/p>\n<p>Waga: ok. 6,9 g<\/p>\n<p>Wszystkie produkty posiadaj\u0105 metki jubilerskie potwierdzaj\u0105ce autentyczno\u015b\u0107.<\/p>\n<p>&nbsp;<\/p>\n<p style=\"text-align: right;\">\n","protected":false},"excerpt":{"rendered":"<p style=\"text-align: right;\">Zestaw srebrnej bi\u017cuterii kot<\/p>\n","protected":false},"featured_media":172,"comment_status":"open","ping_status":"closed","template":"","meta":{"_monsterinsights_skip_tracking":false,"_monsterinsights_sitenote_active":false,"_monsterinsights_sitenote_note":"","_monsterinsights_sitenote_category":0,"_uf_show_specific_survey":0,"_uf_disable_surveys":false},"product_brand":[],"product_cat":[22,32],"product_tag":[],"class_list":{"0":"post-171","1":"product","2":"type-product","3":"status-publish","4":"has-post-thumbnail","6":"product_cat-bizuteria-damska","7":"product_cat-zestawy","9":"first","10":"instock","11":"shipping-taxable","12":"purchasable","13":"product-type-simple"},"aioseo_notices":[],"_links":{"self":[{"href":"https:\/\/srebrnica.pl\/index.php\/wp-json\/wp\/v2\/product\/171","targetHints":{"allow":["GET"]}}],"collection":[{"href":"https:\/\/srebrnica.pl\/index.php\/wp-json\/wp\/v2\/product"}],"about":[{"href":"https:\/\/srebrnica.pl\/index.php\/wp-json\/wp\/v2\/types\/product"}],"replies":[{"embeddable":true,"href":"https:\/\/srebrnica.pl\/index.php\/wp-json\/wp\/v2\/comments?post=171"}],"wp:featuredmedia":[{"embeddable":true,"href":"https:\/\/srebrnica.pl\/index.php\/wp-json\/wp\/v2\/media\/172"}],"wp:attachment":[{"href":"https:\/\/srebrnica.pl\/index.php\/wp-json\/wp\/v2\/media?parent=171"}],"wp:term":[{"taxonomy":"product_brand","embeddable":true,"href":"https:\/\/srebrnica.pl\/index.php\/wp-json\/wp\/v2\/product_brand?post=171"},{"taxonomy":"product_cat","embeddable":true,"href":"https:\/\/srebrnica.pl\/index.php\/wp-json\/wp\/v2\/product_cat?post=171"},{"taxonomy":"product_tag","embeddable":true,"href":"https:\/\/srebrnica.pl\/index.php\/wp-json\/wp\/v2\/product_tag?post=171"}],"curies":[{"name":"wp","href":"https:\/\/api.w.org\/{rel}","templated":true}]}}