{"id":1802,"date":"2023-05-16T09:57:05","date_gmt":"2023-05-16T07:57:05","guid":{"rendered":"https:\/\/srebrnica.pl\/?post_type=product&#038;p=1802"},"modified":"2023-07-09T05:57:11","modified_gmt":"2023-07-09T03:57:11","slug":"bransoletka-damska-regulowany-kulki-prezent","status":"publish","type":"product","link":"https:\/\/srebrnica.pl\/index.php\/produkt\/bransoletka-damska-regulowany-kulki-prezent\/","title":{"rendered":"Bransoletka damska regulowany kulki prezent"},"content":{"rendered":"<p>Srebrna , regulowana bransoletka z motywem kuli to idealny dodatek dla ka\u017cdej kobiety lubi\u0105cej modne i efektowne dodatki.<\/p>\n<p>Wykonana z wysokiej jako\u015bci srebra, kt\u00f3rego po\u0142ysk idealnie podkre\u015bla kszta\u0142t i faktur\u0119 bransoletki.<\/p>\n<p>Stylowa konstrukcja sprawia, \u017ce bransoletka prezentuje si\u0119 bardzo eklektycznie, doskonale pasuje do ka\u017cdego stroju.<\/p>\n<p>Bransoletka zachwyca te\u017c swoim zdobieniem, kt\u00f3re sk\u0142ada si\u0119 z wielu pi\u0119knie po\u0142yskuj\u0105cych element\u00f3w.<\/p>\n<p>Z pewno\u015bci\u0105 przyci\u0105ga ona uwag\u0119 ka\u017cdego, kto ma okazj\u0119 zobaczy\u0107 j\u0105 na kobiecej r\u0119ce.<\/p>\n<p>To doskona\u0142y wyb\u00f3r dla ka\u017cdej kobiety, kt\u00f3ra ceni sobie nie tylko modny wygl\u0105d, ale r\u00f3wnie\u017c wysok\u0105 jako\u015b\u0107 wykonania.<\/p>\n<p>Produkt posiada wybit\u0105 pr\u00f3b\u0119 925 oraz metki jubilerskie.<\/p>\n<p>Waga: ok, 9 g<\/p>\n<p>D\u0142ugo\u015b\u0107 : 19,5 cm (regulowana)<\/p>\n","protected":false},"excerpt":{"rendered":"<p>Srebrna , regulowana bransoletka z motywem kuli to idealny dodatek dla ka\u017cdej kobiety lubi\u0105cej modne i efektowne dodatki. Wykonana z&hellip;<\/p>\n","protected":false},"featured_media":1806,"comment_status":"open","ping_status":"closed","template":"","meta":{"_monsterinsights_skip_tracking":false,"_monsterinsights_sitenote_active":false,"_monsterinsights_sitenote_note":"","_monsterinsights_sitenote_category":0,"_uf_show_specific_survey":0,"_uf_disable_surveys":false},"product_brand":[],"product_cat":[22,31],"product_tag":[],"class_list":{"0":"post-1802","1":"product","2":"type-product","3":"status-publish","4":"has-post-thumbnail","6":"product_cat-bizuteria-damska","7":"product_cat-bransoletka","9":"first","10":"instock","11":"shipping-taxable","12":"purchasable","13":"product-type-simple"},"aioseo_notices":[],"_links":{"self":[{"href":"https:\/\/srebrnica.pl\/index.php\/wp-json\/wp\/v2\/product\/1802","targetHints":{"allow":["GET"]}}],"collection":[{"href":"https:\/\/srebrnica.pl\/index.php\/wp-json\/wp\/v2\/product"}],"about":[{"href":"https:\/\/srebrnica.pl\/index.php\/wp-json\/wp\/v2\/types\/product"}],"replies":[{"embeddable":true,"href":"https:\/\/srebrnica.pl\/index.php\/wp-json\/wp\/v2\/comments?post=1802"}],"wp:featuredmedia":[{"embeddable":true,"href":"https:\/\/srebrnica.pl\/index.php\/wp-json\/wp\/v2\/media\/1806"}],"wp:attachment":[{"href":"https:\/\/srebrnica.pl\/index.php\/wp-json\/wp\/v2\/media?parent=1802"}],"wp:term":[{"taxonomy":"product_brand","embeddable":true,"href":"https:\/\/srebrnica.pl\/index.php\/wp-json\/wp\/v2\/product_brand?post=1802"},{"taxonomy":"product_cat","embeddable":true,"href":"https:\/\/srebrnica.pl\/index.php\/wp-json\/wp\/v2\/product_cat?post=1802"},{"taxonomy":"product_tag","embeddable":true,"href":"https:\/\/srebrnica.pl\/index.php\/wp-json\/wp\/v2\/product_tag?post=1802"}],"curies":[{"name":"wp","href":"https:\/\/api.w.org\/{rel}","templated":true}]}}