{"id":2117,"date":"2023-06-08T12:05:29","date_gmt":"2023-06-08T10:05:29","guid":{"rendered":"https:\/\/srebrnica.pl\/?post_type=product&#038;p=2117"},"modified":"2023-06-11T17:54:03","modified_gmt":"2023-06-11T15:54:03","slug":"zestaw-prezentowy-prezent-zegarek-bransoletka","status":"publish","type":"product","link":"https:\/\/srebrnica.pl\/index.php\/produkt\/zestaw-prezentowy-prezent-zegarek-bransoletka\/","title":{"rendered":"Zestaw prezentowy prezent zegarek bransoletka"},"content":{"rendered":"<p>Du\u017cy, modny zestaw prezentowy w kolorze czarnym , z eleganckimi z\u0142otymi elementami .<\/p>\n<p>&nbsp;<\/p>\n<p>W sk\u0142ad zestawu wchodz\u0105:<\/p>\n<p>&nbsp;<\/p>\n<p>Zegarek<\/p>\n<p>Bransoletka 5 sztuk<\/p>\n<p>&nbsp;<\/p>\n<p>D\u0142ugo\u015b\u0107 paska: 220mm<\/p>\n<p>Szeroko\u015b\u0107 paska: 16mm<\/p>\n<p>\u015arednica tarczy: 8 mm<\/p>\n<p>Materia\u0142 paska: sk\u00f3ra eko<\/p>\n","protected":false},"excerpt":{"rendered":"<p>Du\u017cy, modny zestaw prezentowy w kolorze czarnym , z eleganckimi z\u0142otymi elementami . &nbsp; W sk\u0142ad zestawu wchodz\u0105: &nbsp; Zegarek&hellip;<\/p>\n","protected":false},"featured_media":2119,"comment_status":"open","ping_status":"closed","template":"","meta":{"_monsterinsights_skip_tracking":false,"_monsterinsights_sitenote_active":false,"_monsterinsights_sitenote_note":"","_monsterinsights_sitenote_category":0,"_uf_show_specific_survey":0,"_uf_disable_surveys":false},"product_brand":[],"product_cat":[55],"product_tag":[],"class_list":{"0":"post-2117","1":"product","2":"type-product","3":"status-publish","4":"has-post-thumbnail","6":"product_cat-zegarki-zestawy-damskie","8":"first","9":"instock","10":"sale","11":"shipping-taxable","12":"purchasable","13":"product-type-simple"},"aioseo_notices":[],"_links":{"self":[{"href":"https:\/\/srebrnica.pl\/index.php\/wp-json\/wp\/v2\/product\/2117","targetHints":{"allow":["GET"]}}],"collection":[{"href":"https:\/\/srebrnica.pl\/index.php\/wp-json\/wp\/v2\/product"}],"about":[{"href":"https:\/\/srebrnica.pl\/index.php\/wp-json\/wp\/v2\/types\/product"}],"replies":[{"embeddable":true,"href":"https:\/\/srebrnica.pl\/index.php\/wp-json\/wp\/v2\/comments?post=2117"}],"wp:featuredmedia":[{"embeddable":true,"href":"https:\/\/srebrnica.pl\/index.php\/wp-json\/wp\/v2\/media\/2119"}],"wp:attachment":[{"href":"https:\/\/srebrnica.pl\/index.php\/wp-json\/wp\/v2\/media?parent=2117"}],"wp:term":[{"taxonomy":"product_brand","embeddable":true,"href":"https:\/\/srebrnica.pl\/index.php\/wp-json\/wp\/v2\/product_brand?post=2117"},{"taxonomy":"product_cat","embeddable":true,"href":"https:\/\/srebrnica.pl\/index.php\/wp-json\/wp\/v2\/product_cat?post=2117"},{"taxonomy":"product_tag","embeddable":true,"href":"https:\/\/srebrnica.pl\/index.php\/wp-json\/wp\/v2\/product_tag?post=2117"}],"curies":[{"name":"wp","href":"https:\/\/api.w.org\/{rel}","templated":true}]}}