{"id":2126,"date":"2023-06-08T12:31:13","date_gmt":"2023-06-08T10:31:13","guid":{"rendered":"https:\/\/srebrnica.pl\/?post_type=product&#038;p=2126"},"modified":"2023-06-11T17:54:03","modified_gmt":"2023-06-11T15:54:03","slug":"zestaw-prezentowe-prezent-zegarek-bransoletka-kot","status":"publish","type":"product","link":"https:\/\/srebrnica.pl\/index.php\/produkt\/zestaw-prezentowe-prezent-zegarek-bransoletka-kot\/","title":{"rendered":"Zestaw prezentowe prezent zegarek bransoletka kot"},"content":{"rendered":"<p>Uroczy zestaw prezentowy z motywem kota w odcieniach mieni\u0105cego si\u0119 fioletu ze z\u0142otem.<\/p>\n<p>&nbsp;<\/p>\n<p>W sk\u0142ad zestawu wchodz\u0105:<\/p>\n<p>&nbsp;<\/p>\n<p>Zegarek<\/p>\n<p>&nbsp;<\/p>\n<p>Bransoletki 4 szt.<\/p>\n<p>&nbsp;<\/p>\n<p>Szczeg\u00f3\u0142owe wymiary na jednym ze zdj\u0119\u0107<\/p>\n","protected":false},"excerpt":{"rendered":"<p>Uroczy zestaw prezentowy z motywem kota w odcieniach mieni\u0105cego si\u0119 fioletu ze z\u0142otem. &nbsp; W sk\u0142ad zestawu wchodz\u0105: &nbsp; Zegarek&hellip;<\/p>\n","protected":false},"featured_media":2127,"comment_status":"open","ping_status":"closed","template":"","meta":{"_monsterinsights_skip_tracking":false,"_monsterinsights_sitenote_active":false,"_monsterinsights_sitenote_note":"","_monsterinsights_sitenote_category":0,"_uf_show_specific_survey":0,"_uf_disable_surveys":false},"product_brand":[],"product_cat":[55],"product_tag":[],"class_list":{"0":"post-2126","1":"product","2":"type-product","3":"status-publish","4":"has-post-thumbnail","6":"product_cat-zegarki-zestawy-damskie","8":"first","9":"instock","10":"sale","11":"shipping-taxable","12":"purchasable","13":"product-type-simple"},"aioseo_notices":[],"_links":{"self":[{"href":"https:\/\/srebrnica.pl\/index.php\/wp-json\/wp\/v2\/product\/2126","targetHints":{"allow":["GET"]}}],"collection":[{"href":"https:\/\/srebrnica.pl\/index.php\/wp-json\/wp\/v2\/product"}],"about":[{"href":"https:\/\/srebrnica.pl\/index.php\/wp-json\/wp\/v2\/types\/product"}],"replies":[{"embeddable":true,"href":"https:\/\/srebrnica.pl\/index.php\/wp-json\/wp\/v2\/comments?post=2126"}],"wp:featuredmedia":[{"embeddable":true,"href":"https:\/\/srebrnica.pl\/index.php\/wp-json\/wp\/v2\/media\/2127"}],"wp:attachment":[{"href":"https:\/\/srebrnica.pl\/index.php\/wp-json\/wp\/v2\/media?parent=2126"}],"wp:term":[{"taxonomy":"product_brand","embeddable":true,"href":"https:\/\/srebrnica.pl\/index.php\/wp-json\/wp\/v2\/product_brand?post=2126"},{"taxonomy":"product_cat","embeddable":true,"href":"https:\/\/srebrnica.pl\/index.php\/wp-json\/wp\/v2\/product_cat?post=2126"},{"taxonomy":"product_tag","embeddable":true,"href":"https:\/\/srebrnica.pl\/index.php\/wp-json\/wp\/v2\/product_tag?post=2126"}],"curies":[{"name":"wp","href":"https:\/\/api.w.org\/{rel}","templated":true}]}}