{"id":2171,"date":"2023-06-08T13:56:09","date_gmt":"2023-06-08T11:56:09","guid":{"rendered":"https:\/\/srebrnica.pl\/?post_type=product&#038;p=2171"},"modified":"2023-06-11T13:52:24","modified_gmt":"2023-06-11T11:52:24","slug":"zestaw-damski-zegarek-bransoletka-czarny-prezent-2","status":"publish","type":"product","link":"https:\/\/srebrnica.pl\/index.php\/produkt\/zestaw-damski-zegarek-bransoletka-czarny-prezent-2\/","title":{"rendered":"Zestaw damski zegarek bransoletka czarny prezent"},"content":{"rendered":"<p>Elegancki zestaw damskiej bi\u017cuterii w kolorze czarnym ze z\u0142otymi zdobieniami.<\/p>\n<p>W sk\u0142ad zestawu wchodz\u0105:<\/p>\n<p>Zegarek<\/p>\n<p>Bransoletki &#8211; 4 sztuki<\/p>\n","protected":false},"excerpt":{"rendered":"<p>Elegancki zestaw damskiej bi\u017cuterii w kolorze czarnym ze z\u0142otymi zdobieniami. W sk\u0142ad zestawu wchodz\u0105: Zegarek Bransoletki &#8211; 4 sztuki<\/p>\n","protected":false},"featured_media":2172,"comment_status":"open","ping_status":"closed","template":"","meta":{"_monsterinsights_skip_tracking":false,"_monsterinsights_sitenote_active":false,"_monsterinsights_sitenote_note":"","_monsterinsights_sitenote_category":0,"_uf_show_specific_survey":0,"_uf_disable_surveys":false},"product_brand":[],"product_cat":[55],"product_tag":[],"class_list":{"0":"post-2171","1":"product","2":"type-product","3":"status-publish","4":"has-post-thumbnail","6":"product_cat-zegarki-zestawy-damskie","8":"first","9":"instock","10":"sale","11":"shipping-taxable","12":"purchasable","13":"product-type-simple"},"aioseo_notices":[],"_links":{"self":[{"href":"https:\/\/srebrnica.pl\/index.php\/wp-json\/wp\/v2\/product\/2171","targetHints":{"allow":["GET"]}}],"collection":[{"href":"https:\/\/srebrnica.pl\/index.php\/wp-json\/wp\/v2\/product"}],"about":[{"href":"https:\/\/srebrnica.pl\/index.php\/wp-json\/wp\/v2\/types\/product"}],"replies":[{"embeddable":true,"href":"https:\/\/srebrnica.pl\/index.php\/wp-json\/wp\/v2\/comments?post=2171"}],"wp:featuredmedia":[{"embeddable":true,"href":"https:\/\/srebrnica.pl\/index.php\/wp-json\/wp\/v2\/media\/2172"}],"wp:attachment":[{"href":"https:\/\/srebrnica.pl\/index.php\/wp-json\/wp\/v2\/media?parent=2171"}],"wp:term":[{"taxonomy":"product_brand","embeddable":true,"href":"https:\/\/srebrnica.pl\/index.php\/wp-json\/wp\/v2\/product_brand?post=2171"},{"taxonomy":"product_cat","embeddable":true,"href":"https:\/\/srebrnica.pl\/index.php\/wp-json\/wp\/v2\/product_cat?post=2171"},{"taxonomy":"product_tag","embeddable":true,"href":"https:\/\/srebrnica.pl\/index.php\/wp-json\/wp\/v2\/product_tag?post=2171"}],"curies":[{"name":"wp","href":"https:\/\/api.w.org\/{rel}","templated":true}]}}