{"id":2182,"date":"2023-06-08T14:17:45","date_gmt":"2023-06-08T12:17:45","guid":{"rendered":"https:\/\/srebrnica.pl\/?post_type=product&#038;p=2182"},"modified":"2023-06-11T13:50:30","modified_gmt":"2023-06-11T11:50:30","slug":"zestaw-damski-zegarek-bransoletka-bialy-prezent","status":"publish","type":"product","link":"https:\/\/srebrnica.pl\/index.php\/produkt\/zestaw-damski-zegarek-bransoletka-bialy-prezent\/","title":{"rendered":"Zestaw damski zegarek bransoletka bia\u0142y prezent"},"content":{"rendered":"<p>Subtelny zestaw bi\u017cuterii damskiej w kolorze bia\u0142ym ze z\u0142otymi zdobieniami.<\/p>\n<p>W sk\u0142ad zestawu wchodz\u0105:<\/p>\n<p>Zegarek<\/p>\n<p>Bransoletki &#8211; 4 sztuki<\/p>\n","protected":false},"excerpt":{"rendered":"<p>Subtelny zestaw bi\u017cuterii damskiej w kolorze bia\u0142ym ze z\u0142otymi zdobieniami. W sk\u0142ad zestawu wchodz\u0105: Zegarek Bransoletki &#8211; 4 sztuki<\/p>\n","protected":false},"featured_media":2189,"comment_status":"open","ping_status":"closed","template":"","meta":{"_monsterinsights_skip_tracking":false,"_monsterinsights_sitenote_active":false,"_monsterinsights_sitenote_note":"","_monsterinsights_sitenote_category":0,"_uf_show_specific_survey":0,"_uf_disable_surveys":false},"product_brand":[],"product_cat":[55],"product_tag":[],"class_list":{"0":"post-2182","1":"product","2":"type-product","3":"status-publish","4":"has-post-thumbnail","6":"product_cat-zegarki-zestawy-damskie","8":"first","9":"instock","10":"sale","11":"shipping-taxable","12":"purchasable","13":"product-type-simple"},"aioseo_notices":[],"_links":{"self":[{"href":"https:\/\/srebrnica.pl\/index.php\/wp-json\/wp\/v2\/product\/2182","targetHints":{"allow":["GET"]}}],"collection":[{"href":"https:\/\/srebrnica.pl\/index.php\/wp-json\/wp\/v2\/product"}],"about":[{"href":"https:\/\/srebrnica.pl\/index.php\/wp-json\/wp\/v2\/types\/product"}],"replies":[{"embeddable":true,"href":"https:\/\/srebrnica.pl\/index.php\/wp-json\/wp\/v2\/comments?post=2182"}],"wp:featuredmedia":[{"embeddable":true,"href":"https:\/\/srebrnica.pl\/index.php\/wp-json\/wp\/v2\/media\/2189"}],"wp:attachment":[{"href":"https:\/\/srebrnica.pl\/index.php\/wp-json\/wp\/v2\/media?parent=2182"}],"wp:term":[{"taxonomy":"product_brand","embeddable":true,"href":"https:\/\/srebrnica.pl\/index.php\/wp-json\/wp\/v2\/product_brand?post=2182"},{"taxonomy":"product_cat","embeddable":true,"href":"https:\/\/srebrnica.pl\/index.php\/wp-json\/wp\/v2\/product_cat?post=2182"},{"taxonomy":"product_tag","embeddable":true,"href":"https:\/\/srebrnica.pl\/index.php\/wp-json\/wp\/v2\/product_tag?post=2182"}],"curies":[{"name":"wp","href":"https:\/\/api.w.org\/{rel}","templated":true}]}}