{"id":221,"date":"2022-10-19T10:40:12","date_gmt":"2022-10-19T10:40:12","guid":{"rendered":"https:\/\/srebrnica.pl\/?post_type=product&#038;p=221"},"modified":"2023-07-09T05:57:11","modified_gmt":"2023-07-09T03:57:11","slug":"bransoletka-charms-srebrna-na-prezent-srebro-925","status":"publish","type":"product","link":"https:\/\/srebrnica.pl\/index.php\/produkt\/bransoletka-charms-srebrna-na-prezent-srebro-925\/","title":{"rendered":"Bransoletka charms srebrna na prezent srebro 925"},"content":{"rendered":"<p>Wszystkie produkty posiadaj\u0105 metki jubilerskie potwierdzaj\u0105ce autentyczno\u015b\u0107.<\/p>\n<p>Bogato zdobiona, modna bransoletka.<\/p>\n<p>Wykonana ze srebra pr\u00f3by 925.<\/p>\n<p>D\u0142ugo\u015b\u0107 to ok. 20 cm.<\/p>\n<p>Jako\u015b\u0107 A++<\/p>\n<p>www.srebrnica.pl<\/p>\n<p>Waga: ok. 20 g<\/p>\n<p>&nbsp;<\/p>\n","protected":false},"excerpt":{"rendered":"<p>Wszystkie produkty posiadaj\u0105 metki jubilerskie potwierdzaj\u0105ce autentyczno\u015b\u0107. Bogato zdobiona, modna bransoletka. Wykonana ze srebra pr\u00f3by 925. D\u0142ugo\u015b\u0107 to ok. 20&hellip;<\/p>\n","protected":false},"featured_media":222,"comment_status":"open","ping_status":"closed","template":"","meta":{"_monsterinsights_skip_tracking":false,"_monsterinsights_sitenote_active":false,"_monsterinsights_sitenote_note":"","_monsterinsights_sitenote_category":0,"_uf_show_specific_survey":0,"_uf_disable_surveys":false},"product_brand":[],"product_cat":[22,31],"product_tag":[],"class_list":{"0":"post-221","1":"product","2":"type-product","3":"status-publish","4":"has-post-thumbnail","6":"product_cat-bizuteria-damska","7":"product_cat-bransoletka","9":"first","10":"instock","11":"sale","12":"shipping-taxable","13":"purchasable","14":"product-type-simple"},"aioseo_notices":[],"_links":{"self":[{"href":"https:\/\/srebrnica.pl\/index.php\/wp-json\/wp\/v2\/product\/221","targetHints":{"allow":["GET"]}}],"collection":[{"href":"https:\/\/srebrnica.pl\/index.php\/wp-json\/wp\/v2\/product"}],"about":[{"href":"https:\/\/srebrnica.pl\/index.php\/wp-json\/wp\/v2\/types\/product"}],"replies":[{"embeddable":true,"href":"https:\/\/srebrnica.pl\/index.php\/wp-json\/wp\/v2\/comments?post=221"}],"wp:featuredmedia":[{"embeddable":true,"href":"https:\/\/srebrnica.pl\/index.php\/wp-json\/wp\/v2\/media\/222"}],"wp:attachment":[{"href":"https:\/\/srebrnica.pl\/index.php\/wp-json\/wp\/v2\/media?parent=221"}],"wp:term":[{"taxonomy":"product_brand","embeddable":true,"href":"https:\/\/srebrnica.pl\/index.php\/wp-json\/wp\/v2\/product_brand?post=221"},{"taxonomy":"product_cat","embeddable":true,"href":"https:\/\/srebrnica.pl\/index.php\/wp-json\/wp\/v2\/product_cat?post=221"},{"taxonomy":"product_tag","embeddable":true,"href":"https:\/\/srebrnica.pl\/index.php\/wp-json\/wp\/v2\/product_tag?post=221"}],"curies":[{"name":"wp","href":"https:\/\/api.w.org\/{rel}","templated":true}]}}