{"id":2221,"date":"2023-06-11T12:23:23","date_gmt":"2023-06-11T10:23:23","guid":{"rendered":"https:\/\/srebrnica.pl\/?post_type=product&#038;p=2221"},"modified":"2023-06-11T13:47:13","modified_gmt":"2023-06-11T11:47:13","slug":"zestaw-damski-zegarek-kolczyki-prezent","status":"publish","type":"product","link":"https:\/\/srebrnica.pl\/index.php\/produkt\/zestaw-damski-zegarek-kolczyki-prezent\/","title":{"rendered":"Zestaw damski zegarek kolczyki prezent"},"content":{"rendered":"<p>Subtelny zestaw damskiej bi\u017cuterii utrzymany w kolorze pudrowego r\u00f3\u017cu ze z\u0142otymi zdobieniami.<\/p>\n<p>W sk\u0142ad zestawu wchodz\u0105:<\/p>\n<p>Zegarek<\/p>\n<p>\u0141a\u0144cuszek<\/p>\n<p>Przywieszka<\/p>\n<p>Kolczyki<\/p>\n<p>Pier\u015bcionek ( regulowany)<\/p>\n","protected":false},"excerpt":{"rendered":"<p>Subtelny zestaw damskiej bi\u017cuterii utrzymany w kolorze pudrowego r\u00f3\u017cu ze z\u0142otymi zdobieniami. W sk\u0142ad zestawu wchodz\u0105: Zegarek \u0141a\u0144cuszek Przywieszka Kolczyki&hellip;<\/p>\n","protected":false},"featured_media":2222,"comment_status":"open","ping_status":"closed","template":"","meta":{"_monsterinsights_skip_tracking":false,"_monsterinsights_sitenote_active":false,"_monsterinsights_sitenote_note":"","_monsterinsights_sitenote_category":0,"_uf_show_specific_survey":0,"_uf_disable_surveys":false},"product_brand":[],"product_cat":[55],"product_tag":[],"class_list":{"0":"post-2221","1":"product","2":"type-product","3":"status-publish","4":"has-post-thumbnail","6":"product_cat-zegarki-zestawy-damskie","8":"first","9":"instock","10":"sale","11":"shipping-taxable","12":"purchasable","13":"product-type-simple"},"aioseo_notices":[],"_links":{"self":[{"href":"https:\/\/srebrnica.pl\/index.php\/wp-json\/wp\/v2\/product\/2221","targetHints":{"allow":["GET"]}}],"collection":[{"href":"https:\/\/srebrnica.pl\/index.php\/wp-json\/wp\/v2\/product"}],"about":[{"href":"https:\/\/srebrnica.pl\/index.php\/wp-json\/wp\/v2\/types\/product"}],"replies":[{"embeddable":true,"href":"https:\/\/srebrnica.pl\/index.php\/wp-json\/wp\/v2\/comments?post=2221"}],"wp:featuredmedia":[{"embeddable":true,"href":"https:\/\/srebrnica.pl\/index.php\/wp-json\/wp\/v2\/media\/2222"}],"wp:attachment":[{"href":"https:\/\/srebrnica.pl\/index.php\/wp-json\/wp\/v2\/media?parent=2221"}],"wp:term":[{"taxonomy":"product_brand","embeddable":true,"href":"https:\/\/srebrnica.pl\/index.php\/wp-json\/wp\/v2\/product_brand?post=2221"},{"taxonomy":"product_cat","embeddable":true,"href":"https:\/\/srebrnica.pl\/index.php\/wp-json\/wp\/v2\/product_cat?post=2221"},{"taxonomy":"product_tag","embeddable":true,"href":"https:\/\/srebrnica.pl\/index.php\/wp-json\/wp\/v2\/product_tag?post=2221"}],"curies":[{"name":"wp","href":"https:\/\/api.w.org\/{rel}","templated":true}]}}