{"id":2265,"date":"2023-06-11T14:45:07","date_gmt":"2023-06-11T12:45:07","guid":{"rendered":"https:\/\/srebrnica.pl\/?post_type=product&#038;p=2265"},"modified":"2023-06-11T14:45:07","modified_gmt":"2023-06-11T12:45:07","slug":"zestaw-damski-zegarek-bransoletka-bezowy-prezent","status":"publish","type":"product","link":"https:\/\/srebrnica.pl\/index.php\/produkt\/zestaw-damski-zegarek-bransoletka-bezowy-prezent\/","title":{"rendered":"Zestaw damski zegarek bransoletka be\u017cowy prezent"},"content":{"rendered":"<p>Zestaw bi\u017cuterii damskiej utrzymany w odcieniach be\u017cu ze z\u0142otymi zdobieniami.<\/p>\n<p>W sk\u0142ad zestawu wchodz\u0105:<\/p>\n<p>Zegarek<\/p>\n<p>Bransoletka &#8211; 5 sztuk<\/p>\n","protected":false},"excerpt":{"rendered":"<p>Zestaw bi\u017cuterii damskiej utrzymany w odcieniach be\u017cu ze z\u0142otymi zdobieniami. W sk\u0142ad zestawu wchodz\u0105: Zegarek Bransoletka &#8211; 5 sztuk<\/p>\n","protected":false},"featured_media":2266,"comment_status":"open","ping_status":"closed","template":"","meta":{"_monsterinsights_skip_tracking":false,"_monsterinsights_sitenote_active":false,"_monsterinsights_sitenote_note":"","_monsterinsights_sitenote_category":0,"_uf_show_specific_survey":0,"_uf_disable_surveys":false},"product_brand":[],"product_cat":[55],"product_tag":[],"class_list":{"0":"post-2265","1":"product","2":"type-product","3":"status-publish","4":"has-post-thumbnail","6":"product_cat-zegarki-zestawy-damskie","8":"first","9":"instock","10":"sale","11":"shipping-taxable","12":"purchasable","13":"product-type-simple"},"aioseo_notices":[],"_links":{"self":[{"href":"https:\/\/srebrnica.pl\/index.php\/wp-json\/wp\/v2\/product\/2265","targetHints":{"allow":["GET"]}}],"collection":[{"href":"https:\/\/srebrnica.pl\/index.php\/wp-json\/wp\/v2\/product"}],"about":[{"href":"https:\/\/srebrnica.pl\/index.php\/wp-json\/wp\/v2\/types\/product"}],"replies":[{"embeddable":true,"href":"https:\/\/srebrnica.pl\/index.php\/wp-json\/wp\/v2\/comments?post=2265"}],"wp:featuredmedia":[{"embeddable":true,"href":"https:\/\/srebrnica.pl\/index.php\/wp-json\/wp\/v2\/media\/2266"}],"wp:attachment":[{"href":"https:\/\/srebrnica.pl\/index.php\/wp-json\/wp\/v2\/media?parent=2265"}],"wp:term":[{"taxonomy":"product_brand","embeddable":true,"href":"https:\/\/srebrnica.pl\/index.php\/wp-json\/wp\/v2\/product_brand?post=2265"},{"taxonomy":"product_cat","embeddable":true,"href":"https:\/\/srebrnica.pl\/index.php\/wp-json\/wp\/v2\/product_cat?post=2265"},{"taxonomy":"product_tag","embeddable":true,"href":"https:\/\/srebrnica.pl\/index.php\/wp-json\/wp\/v2\/product_tag?post=2265"}],"curies":[{"name":"wp","href":"https:\/\/api.w.org\/{rel}","templated":true}]}}