{"id":2285,"date":"2023-06-11T15:31:16","date_gmt":"2023-06-11T13:31:16","guid":{"rendered":"https:\/\/srebrnica.pl\/?post_type=product&#038;p=2285"},"modified":"2023-06-11T15:31:16","modified_gmt":"2023-06-11T13:31:16","slug":"bransoletka-srebrna-srebro-925-damska-koniczyna","status":"publish","type":"product","link":"https:\/\/srebrnica.pl\/index.php\/produkt\/bransoletka-srebrna-srebro-925-damska-koniczyna\/","title":{"rendered":"Bransoletka srebrna srebro 925 damska koniczyna"},"content":{"rendered":"<p>Delikatna, srebrna bransoletka damska z motywem koniczynki i cyrkoniami.<\/p>\n<p>Wybita pr\u00f3ba 925.<\/p>\n<p>D\u0142ugo\u015b\u0107: ok. 20 cm<\/p>\n<p>Waga: ok, 8 g<\/p>\n<p>Produkt posiada metki jubilerskie.<\/p>\n","protected":false},"excerpt":{"rendered":"<p>Delikatna, srebrna bransoletka damska z motywem koniczynki i cyrkoniami. Wybita pr\u00f3ba 925. D\u0142ugo\u015b\u0107: ok. 20 cm Waga: ok, 8 g&hellip;<\/p>\n","protected":false},"featured_media":2291,"comment_status":"open","ping_status":"closed","template":"","meta":{"_monsterinsights_skip_tracking":false,"_monsterinsights_sitenote_active":false,"_monsterinsights_sitenote_note":"","_monsterinsights_sitenote_category":0,"_uf_show_specific_survey":0,"_uf_disable_surveys":false},"product_brand":[],"product_cat":[31],"product_tag":[],"class_list":{"0":"post-2285","1":"product","2":"type-product","3":"status-publish","4":"has-post-thumbnail","6":"product_cat-bransoletka","8":"first","9":"instock","10":"shipping-taxable","11":"purchasable","12":"product-type-simple"},"aioseo_notices":[],"_links":{"self":[{"href":"https:\/\/srebrnica.pl\/index.php\/wp-json\/wp\/v2\/product\/2285","targetHints":{"allow":["GET"]}}],"collection":[{"href":"https:\/\/srebrnica.pl\/index.php\/wp-json\/wp\/v2\/product"}],"about":[{"href":"https:\/\/srebrnica.pl\/index.php\/wp-json\/wp\/v2\/types\/product"}],"replies":[{"embeddable":true,"href":"https:\/\/srebrnica.pl\/index.php\/wp-json\/wp\/v2\/comments?post=2285"}],"wp:featuredmedia":[{"embeddable":true,"href":"https:\/\/srebrnica.pl\/index.php\/wp-json\/wp\/v2\/media\/2291"}],"wp:attachment":[{"href":"https:\/\/srebrnica.pl\/index.php\/wp-json\/wp\/v2\/media?parent=2285"}],"wp:term":[{"taxonomy":"product_brand","embeddable":true,"href":"https:\/\/srebrnica.pl\/index.php\/wp-json\/wp\/v2\/product_brand?post=2285"},{"taxonomy":"product_cat","embeddable":true,"href":"https:\/\/srebrnica.pl\/index.php\/wp-json\/wp\/v2\/product_cat?post=2285"},{"taxonomy":"product_tag","embeddable":true,"href":"https:\/\/srebrnica.pl\/index.php\/wp-json\/wp\/v2\/product_tag?post=2285"}],"curies":[{"name":"wp","href":"https:\/\/api.w.org\/{rel}","templated":true}]}}