{"id":541,"date":"2022-11-18T10:24:46","date_gmt":"2022-11-18T10:24:46","guid":{"rendered":"https:\/\/srebrnica.pl\/?post_type=product&#038;p=541"},"modified":"2023-06-11T17:59:18","modified_gmt":"2023-06-11T15:59:18","slug":"torebka-prezentowa-jubilerska-torba-na-prezent-bizuterie","status":"publish","type":"product","link":"https:\/\/srebrnica.pl\/index.php\/produkt\/torebka-prezentowa-jubilerska-torba-na-prezent-bizuterie\/","title":{"rendered":"Torebka Prezentowa jubilerska torba na prezent bi\u017cuteri\u0119"},"content":{"rendered":"<p>Torebka prezentowa po\u0142yskuj\u0105ca w odcieniach z\u0142ota.<\/p>\n<p>Wymiary:\u00a0 7 x 9 cm<\/p>\n<p>&nbsp;<\/p>\n<p>&nbsp;<\/p>\n","protected":false},"excerpt":{"rendered":"<p>Torebka prezentowa po\u0142yskuj\u0105ca w odcieniach z\u0142ota. Wymiary:\u00a0 7 x 9 cm &nbsp; &nbsp;<\/p>\n","protected":false},"featured_media":545,"comment_status":"open","ping_status":"closed","template":"","meta":{"_monsterinsights_skip_tracking":false,"_monsterinsights_sitenote_active":false,"_monsterinsights_sitenote_note":"","_monsterinsights_sitenote_category":0,"_uf_show_specific_survey":0,"_uf_disable_surveys":false},"product_brand":[],"product_cat":[49],"product_tag":[],"class_list":{"0":"post-541","1":"product","2":"type-product","3":"status-publish","4":"has-post-thumbnail","6":"product_cat-opakowania","8":"first","9":"instock","10":"shipping-taxable","11":"purchasable","12":"product-type-simple"},"aioseo_notices":[],"_links":{"self":[{"href":"https:\/\/srebrnica.pl\/index.php\/wp-json\/wp\/v2\/product\/541","targetHints":{"allow":["GET"]}}],"collection":[{"href":"https:\/\/srebrnica.pl\/index.php\/wp-json\/wp\/v2\/product"}],"about":[{"href":"https:\/\/srebrnica.pl\/index.php\/wp-json\/wp\/v2\/types\/product"}],"replies":[{"embeddable":true,"href":"https:\/\/srebrnica.pl\/index.php\/wp-json\/wp\/v2\/comments?post=541"}],"wp:featuredmedia":[{"embeddable":true,"href":"https:\/\/srebrnica.pl\/index.php\/wp-json\/wp\/v2\/media\/545"}],"wp:attachment":[{"href":"https:\/\/srebrnica.pl\/index.php\/wp-json\/wp\/v2\/media?parent=541"}],"wp:term":[{"taxonomy":"product_brand","embeddable":true,"href":"https:\/\/srebrnica.pl\/index.php\/wp-json\/wp\/v2\/product_brand?post=541"},{"taxonomy":"product_cat","embeddable":true,"href":"https:\/\/srebrnica.pl\/index.php\/wp-json\/wp\/v2\/product_cat?post=541"},{"taxonomy":"product_tag","embeddable":true,"href":"https:\/\/srebrnica.pl\/index.php\/wp-json\/wp\/v2\/product_tag?post=541"}],"curies":[{"name":"wp","href":"https:\/\/api.w.org\/{rel}","templated":true}]}}