{"id":607,"date":"2022-11-21T14:15:41","date_gmt":"2022-11-21T14:15:41","guid":{"rendered":"https:\/\/srebrnica.pl\/?post_type=product&#038;p=607"},"modified":"2023-06-11T17:58:36","modified_gmt":"2023-06-11T15:58:36","slug":"bransoletka-damska-muszle-20-cm-srebro-925-www-srebrnica-pl","status":"publish","type":"product","link":"https:\/\/srebrnica.pl\/index.php\/produkt\/bransoletka-damska-muszle-20-cm-srebro-925-www-srebrnica-pl\/","title":{"rendered":"Bransoletka damska muszle 20 cm srebro 925 www.srebrnica.pl"},"content":{"rendered":"<p>Zmys\u0142owa bransoletka damska z motywem muszli.<\/p>\n<p>D\u0142ugo\u015b\u0107: 20 cm<\/p>\n<p>Materia\u0142: srebro 925<\/p>\n<p>Waga: ok, 2,2 g<\/p>\n<p>Wszystkie produkty posiadaj\u0105 metki jubilerskie potwierdzaj\u0105ce autentyczno\u015b\u0107.<\/p>\n<p>&nbsp;<\/p>\n<p>&nbsp;<\/p>\n<p>&nbsp;<\/p>\n<p>&nbsp;<\/p>\n","protected":false},"excerpt":{"rendered":"<p>Zmys\u0142owa bransoletka damska z motywem muszli. D\u0142ugo\u015b\u0107: 20 cm Materia\u0142: srebro 925 Waga: ok, 2,2 g Wszystkie produkty posiadaj\u0105 metki&hellip;<\/p>\n","protected":false},"featured_media":610,"comment_status":"open","ping_status":"closed","template":"","meta":{"_monsterinsights_skip_tracking":false,"_monsterinsights_sitenote_active":false,"_monsterinsights_sitenote_note":"","_monsterinsights_sitenote_category":0,"_uf_show_specific_survey":0,"_uf_disable_surveys":false},"product_brand":[],"product_cat":[22,31],"product_tag":[],"class_list":{"0":"post-607","1":"product","2":"type-product","3":"status-publish","4":"has-post-thumbnail","6":"product_cat-bizuteria-damska","7":"product_cat-bransoletka","9":"first","10":"instock","11":"shipping-taxable","12":"purchasable","13":"product-type-simple"},"aioseo_notices":[],"_links":{"self":[{"href":"https:\/\/srebrnica.pl\/index.php\/wp-json\/wp\/v2\/product\/607","targetHints":{"allow":["GET"]}}],"collection":[{"href":"https:\/\/srebrnica.pl\/index.php\/wp-json\/wp\/v2\/product"}],"about":[{"href":"https:\/\/srebrnica.pl\/index.php\/wp-json\/wp\/v2\/types\/product"}],"replies":[{"embeddable":true,"href":"https:\/\/srebrnica.pl\/index.php\/wp-json\/wp\/v2\/comments?post=607"}],"wp:featuredmedia":[{"embeddable":true,"href":"https:\/\/srebrnica.pl\/index.php\/wp-json\/wp\/v2\/media\/610"}],"wp:attachment":[{"href":"https:\/\/srebrnica.pl\/index.php\/wp-json\/wp\/v2\/media?parent=607"}],"wp:term":[{"taxonomy":"product_brand","embeddable":true,"href":"https:\/\/srebrnica.pl\/index.php\/wp-json\/wp\/v2\/product_brand?post=607"},{"taxonomy":"product_cat","embeddable":true,"href":"https:\/\/srebrnica.pl\/index.php\/wp-json\/wp\/v2\/product_cat?post=607"},{"taxonomy":"product_tag","embeddable":true,"href":"https:\/\/srebrnica.pl\/index.php\/wp-json\/wp\/v2\/product_tag?post=607"}],"curies":[{"name":"wp","href":"https:\/\/api.w.org\/{rel}","templated":true}]}}