{"id":636,"date":"2022-11-23T14:50:42","date_gmt":"2022-11-23T14:50:42","guid":{"rendered":"https:\/\/srebrnica.pl\/?post_type=product&#038;p=636"},"modified":"2023-06-11T17:58:35","modified_gmt":"2023-06-11T15:58:35","slug":"lancuszek-srebrny-damski-srebro-925-kulki","status":"publish","type":"product","link":"https:\/\/srebrnica.pl\/index.php\/produkt\/lancuszek-srebrny-damski-srebro-925-kulki\/","title":{"rendered":"\u0141a\u0144cuszek srebrny damski srebro 925 kulki"},"content":{"rendered":"<p>Delikatny damski srebrny \u0142a\u0144cuszek z kulkami.<\/p>\n<p>D\u0142ugo\u015b\u0107: 40 cm<\/p>\n<p>Materia\u0142: srebro 925<\/p>\n<p>Waga: 3 g<\/p>\n<p>Wszystkie produkty posiadaj\u0105 metki jubilerskie potwierdzaj\u0105ce autentyczno\u015b\u0107.<\/p>\n<p>&nbsp;<\/p>\n<p>&nbsp;<\/p>\n","protected":false},"excerpt":{"rendered":"<p>Delikatny damski srebrny \u0142a\u0144cuszek z kulkami. D\u0142ugo\u015b\u0107: 40 cm Materia\u0142: srebro 925 Waga: 3 g Wszystkie produkty posiadaj\u0105 metki jubilerskie&hellip;<\/p>\n","protected":false},"featured_media":637,"comment_status":"open","ping_status":"closed","template":"","meta":{"_monsterinsights_skip_tracking":false,"_monsterinsights_sitenote_active":false,"_monsterinsights_sitenote_note":"","_monsterinsights_sitenote_category":0,"_uf_show_specific_survey":0,"_uf_disable_surveys":false},"product_brand":[],"product_cat":[22,30],"product_tag":[],"class_list":{"0":"post-636","1":"product","2":"type-product","3":"status-publish","4":"has-post-thumbnail","6":"product_cat-bizuteria-damska","7":"product_cat-lancuszki","9":"first","10":"instock","11":"shipping-taxable","12":"purchasable","13":"product-type-simple"},"aioseo_notices":[],"_links":{"self":[{"href":"https:\/\/srebrnica.pl\/index.php\/wp-json\/wp\/v2\/product\/636","targetHints":{"allow":["GET"]}}],"collection":[{"href":"https:\/\/srebrnica.pl\/index.php\/wp-json\/wp\/v2\/product"}],"about":[{"href":"https:\/\/srebrnica.pl\/index.php\/wp-json\/wp\/v2\/types\/product"}],"replies":[{"embeddable":true,"href":"https:\/\/srebrnica.pl\/index.php\/wp-json\/wp\/v2\/comments?post=636"}],"wp:featuredmedia":[{"embeddable":true,"href":"https:\/\/srebrnica.pl\/index.php\/wp-json\/wp\/v2\/media\/637"}],"wp:attachment":[{"href":"https:\/\/srebrnica.pl\/index.php\/wp-json\/wp\/v2\/media?parent=636"}],"wp:term":[{"taxonomy":"product_brand","embeddable":true,"href":"https:\/\/srebrnica.pl\/index.php\/wp-json\/wp\/v2\/product_brand?post=636"},{"taxonomy":"product_cat","embeddable":true,"href":"https:\/\/srebrnica.pl\/index.php\/wp-json\/wp\/v2\/product_cat?post=636"},{"taxonomy":"product_tag","embeddable":true,"href":"https:\/\/srebrnica.pl\/index.php\/wp-json\/wp\/v2\/product_tag?post=636"}],"curies":[{"name":"wp","href":"https:\/\/api.w.org\/{rel}","templated":true}]}}