{"id":648,"date":"2022-11-29T13:34:40","date_gmt":"2022-11-29T13:34:40","guid":{"rendered":"https:\/\/srebrnica.pl\/?post_type=product&#038;p=648"},"modified":"2023-06-11T17:58:35","modified_gmt":"2023-06-11T15:58:35","slug":"pierscionek-forever-regulowany-srebrny-srebro-925","status":"publish","type":"product","link":"https:\/\/srebrnica.pl\/index.php\/produkt\/pierscionek-forever-regulowany-srebrny-srebro-925\/","title":{"rendered":"Pier\u015bcionek forever regulowany srebrny srebro 925"},"content":{"rendered":"<p style=\"padding-left: 40px;\">Nietuzinkowy pier\u015bcionek z napisem Forever.<\/p>\n<p>Materia\u0142: srebro 925<\/p>\n<p>Pier\u015bcionek posiada regulacj\u0119 rozmiaru.<\/p>\n<p>Wszystkie produkty posiadaj\u0105 metki jubilerskie potwierdzaj\u0105ce autentyczno\u015b\u0107.<\/p>\n","protected":false},"excerpt":{"rendered":"<p>Nietuzinkowy pier\u015bcionek z napisem Forever. Materia\u0142: srebro 925 Pier\u015bcionek posiada regulacj\u0119 rozmiaru. Wszystkie produkty posiadaj\u0105 metki jubilerskie potwierdzaj\u0105ce autentyczno\u015b\u0107.<\/p>\n","protected":false},"featured_media":649,"comment_status":"open","ping_status":"closed","template":"","meta":{"_monsterinsights_skip_tracking":false,"_monsterinsights_sitenote_active":false,"_monsterinsights_sitenote_note":"","_monsterinsights_sitenote_category":0,"_uf_show_specific_survey":0,"_uf_disable_surveys":false},"product_brand":[],"product_cat":[22,23],"product_tag":[],"class_list":{"0":"post-648","1":"product","2":"type-product","3":"status-publish","4":"has-post-thumbnail","6":"product_cat-bizuteria-damska","7":"product_cat-pierscionki","9":"first","10":"instock","11":"shipping-taxable","12":"purchasable","13":"product-type-simple"},"aioseo_notices":[],"_links":{"self":[{"href":"https:\/\/srebrnica.pl\/index.php\/wp-json\/wp\/v2\/product\/648","targetHints":{"allow":["GET"]}}],"collection":[{"href":"https:\/\/srebrnica.pl\/index.php\/wp-json\/wp\/v2\/product"}],"about":[{"href":"https:\/\/srebrnica.pl\/index.php\/wp-json\/wp\/v2\/types\/product"}],"replies":[{"embeddable":true,"href":"https:\/\/srebrnica.pl\/index.php\/wp-json\/wp\/v2\/comments?post=648"}],"wp:featuredmedia":[{"embeddable":true,"href":"https:\/\/srebrnica.pl\/index.php\/wp-json\/wp\/v2\/media\/649"}],"wp:attachment":[{"href":"https:\/\/srebrnica.pl\/index.php\/wp-json\/wp\/v2\/media?parent=648"}],"wp:term":[{"taxonomy":"product_brand","embeddable":true,"href":"https:\/\/srebrnica.pl\/index.php\/wp-json\/wp\/v2\/product_brand?post=648"},{"taxonomy":"product_cat","embeddable":true,"href":"https:\/\/srebrnica.pl\/index.php\/wp-json\/wp\/v2\/product_cat?post=648"},{"taxonomy":"product_tag","embeddable":true,"href":"https:\/\/srebrnica.pl\/index.php\/wp-json\/wp\/v2\/product_tag?post=648"}],"curies":[{"name":"wp","href":"https:\/\/api.w.org\/{rel}","templated":true}]}}