{"id":684,"date":"2022-11-30T12:27:14","date_gmt":"2022-11-30T12:27:14","guid":{"rendered":"https:\/\/srebrnica.pl\/?post_type=product&#038;p=684"},"modified":"2023-06-11T17:58:34","modified_gmt":"2023-06-11T15:58:34","slug":"pierscionek-kot-regulowany-srebrny-srebro-925-prezent","status":"publish","type":"product","link":"https:\/\/srebrnica.pl\/index.php\/produkt\/pierscionek-kot-regulowany-srebrny-srebro-925-prezent\/","title":{"rendered":"Pier\u015bcionek kot regulowany srebrny srebro 925 prezent"},"content":{"rendered":"<p>Co\u015b dla kociarzy, pier\u015bcionek z motywem kota.<\/p>\n<p>Rozmiar: regulowany<\/p>\n<p>Waga: 1,6 g<\/p>\n<p>Materia\u0142: srebro 925<\/p>\n<p>Wszystkie produkty posiadaj\u0105 metki jubilerskie potwierdzaj\u0105ce autentyczno\u015b\u0107<\/p>\n","protected":false},"excerpt":{"rendered":"<p>Co\u015b dla kociarzy, pier\u015bcionek z motywem kota. Rozmiar: regulowany Waga: 1,6 g Materia\u0142: srebro 925 Wszystkie produkty posiadaj\u0105 metki jubilerskie&hellip;<\/p>\n","protected":false},"featured_media":685,"comment_status":"open","ping_status":"closed","template":"","meta":{"_monsterinsights_skip_tracking":false,"_monsterinsights_sitenote_active":false,"_monsterinsights_sitenote_note":"","_monsterinsights_sitenote_category":0,"_uf_show_specific_survey":0,"_uf_disable_surveys":false},"product_brand":[],"product_cat":[22,23],"product_tag":[],"class_list":{"0":"post-684","1":"product","2":"type-product","3":"status-publish","4":"has-post-thumbnail","6":"product_cat-bizuteria-damska","7":"product_cat-pierscionki","9":"first","10":"instock","11":"shipping-taxable","12":"purchasable","13":"product-type-simple"},"aioseo_notices":[],"_links":{"self":[{"href":"https:\/\/srebrnica.pl\/index.php\/wp-json\/wp\/v2\/product\/684","targetHints":{"allow":["GET"]}}],"collection":[{"href":"https:\/\/srebrnica.pl\/index.php\/wp-json\/wp\/v2\/product"}],"about":[{"href":"https:\/\/srebrnica.pl\/index.php\/wp-json\/wp\/v2\/types\/product"}],"replies":[{"embeddable":true,"href":"https:\/\/srebrnica.pl\/index.php\/wp-json\/wp\/v2\/comments?post=684"}],"wp:featuredmedia":[{"embeddable":true,"href":"https:\/\/srebrnica.pl\/index.php\/wp-json\/wp\/v2\/media\/685"}],"wp:attachment":[{"href":"https:\/\/srebrnica.pl\/index.php\/wp-json\/wp\/v2\/media?parent=684"}],"wp:term":[{"taxonomy":"product_brand","embeddable":true,"href":"https:\/\/srebrnica.pl\/index.php\/wp-json\/wp\/v2\/product_brand?post=684"},{"taxonomy":"product_cat","embeddable":true,"href":"https:\/\/srebrnica.pl\/index.php\/wp-json\/wp\/v2\/product_cat?post=684"},{"taxonomy":"product_tag","embeddable":true,"href":"https:\/\/srebrnica.pl\/index.php\/wp-json\/wp\/v2\/product_tag?post=684"}],"curies":[{"name":"wp","href":"https:\/\/api.w.org\/{rel}","templated":true}]}}