{"id":69,"date":"2022-09-30T12:52:18","date_gmt":"2022-09-30T12:52:18","guid":{"rendered":"https:\/\/srebrnica.pl\/?post_type=product&#038;p=69"},"modified":"2023-07-08T22:09:03","modified_gmt":"2023-07-08T20:09:03","slug":"zestaw-srebro-925-lancuszek-przywieszka-kolczyki-pierscionek-srebrny-prezent","status":"publish","type":"product","link":"https:\/\/srebrnica.pl\/index.php\/produkt\/zestaw-srebro-925-lancuszek-przywieszka-kolczyki-pierscionek-srebrny-prezent\/","title":{"rendered":"Zestaw srebro 925 \u0142a\u0144cuszek przywieszka kolczyki pier\u015bcionek srebrny prezent"},"content":{"rendered":"<p>Wszystkie produkty posiadaj\u0105 metki jubilerskie potwierdzaj\u0105ce autentyczno\u015b\u0107.<\/p>\n<p>Wyj\u0105tkowy zestaw wykonany ze srebra pr\u00f3by 925.<\/p>\n<p>W sk\u0142ad zestawu wchodz\u0105:<\/p>\n<p>\u0141a\u0144cuszek, przywieszka, kolczyki, pier\u015bcionek.<\/p>\n<p>\u0141a\u0144cuszek 45 cm<\/p>\n<p>Pier\u015bcionek rozmiar regulowany.<\/p>\n<p>Waga: 5,8 g<\/p>\n<p>&nbsp;<\/p>\n<p>&nbsp;<\/p>\n<p>&nbsp;<\/p>\n<p>&nbsp;<\/p>\n","protected":false},"excerpt":{"rendered":"<p>Wszystkie produkty posiadaj\u0105 metki jubilerskie potwierdzaj\u0105ce autentyczno\u015b\u0107. Wyj\u0105tkowy zestaw wykonany ze srebra pr\u00f3by 925. W sk\u0142ad zestawu wchodz\u0105: \u0141a\u0144cuszek, przywieszka,&hellip;<\/p>\n","protected":false},"featured_media":70,"comment_status":"open","ping_status":"closed","template":"","meta":{"_monsterinsights_skip_tracking":false,"_monsterinsights_sitenote_active":false,"_monsterinsights_sitenote_note":"","_monsterinsights_sitenote_category":0,"_uf_show_specific_survey":0,"_uf_disable_surveys":false},"product_brand":[],"product_cat":[22,32],"product_tag":[36,34,28,35,26,24,33],"class_list":{"0":"post-69","1":"product","2":"type-product","3":"status-publish","4":"has-post-thumbnail","6":"product_cat-bizuteria-damska","7":"product_cat-zestawy","8":"product_tag-kolczyki","9":"product_tag-lancuszek","10":"product_tag-pierscionek","11":"product_tag-przywieszka","12":"product_tag-srebro925","13":"product_tag-zestaw","14":"product_tag-zestaw-srebrny","16":"first","17":"instock","18":"shipping-taxable","19":"purchasable","20":"product-type-simple"},"aioseo_notices":[],"_links":{"self":[{"href":"https:\/\/srebrnica.pl\/index.php\/wp-json\/wp\/v2\/product\/69","targetHints":{"allow":["GET"]}}],"collection":[{"href":"https:\/\/srebrnica.pl\/index.php\/wp-json\/wp\/v2\/product"}],"about":[{"href":"https:\/\/srebrnica.pl\/index.php\/wp-json\/wp\/v2\/types\/product"}],"replies":[{"embeddable":true,"href":"https:\/\/srebrnica.pl\/index.php\/wp-json\/wp\/v2\/comments?post=69"}],"wp:featuredmedia":[{"embeddable":true,"href":"https:\/\/srebrnica.pl\/index.php\/wp-json\/wp\/v2\/media\/70"}],"wp:attachment":[{"href":"https:\/\/srebrnica.pl\/index.php\/wp-json\/wp\/v2\/media?parent=69"}],"wp:term":[{"taxonomy":"product_brand","embeddable":true,"href":"https:\/\/srebrnica.pl\/index.php\/wp-json\/wp\/v2\/product_brand?post=69"},{"taxonomy":"product_cat","embeddable":true,"href":"https:\/\/srebrnica.pl\/index.php\/wp-json\/wp\/v2\/product_cat?post=69"},{"taxonomy":"product_tag","embeddable":true,"href":"https:\/\/srebrnica.pl\/index.php\/wp-json\/wp\/v2\/product_tag?post=69"}],"curies":[{"name":"wp","href":"https:\/\/api.w.org\/{rel}","templated":true}]}}