{"id":704,"date":"2022-11-30T13:27:55","date_gmt":"2022-11-30T13:27:55","guid":{"rendered":"https:\/\/srebrnica.pl\/?post_type=product&#038;p=704"},"modified":"2023-06-11T17:58:34","modified_gmt":"2023-06-11T15:58:34","slug":"pierscionek-srebrny-srebro-925-cyrkonie-krysztalki","status":"publish","type":"product","link":"https:\/\/srebrnica.pl\/index.php\/produkt\/pierscionek-srebrny-srebro-925-cyrkonie-krysztalki\/","title":{"rendered":"Pier\u015bcionek srebrny srebro 925 cyrkonie kryszta\u0142ki"},"content":{"rendered":"<p>Srebrny pier\u015bcionek z cyrkoniami.<\/p>\n<p>Rozmiar: regulowany<\/p>\n<p>Materia\u0142: srebro 925<\/p>\n<p>Waga: ok. 2,5 g<\/p>\n<p>Wszystkie produkty posiadaj\u0105 metki jubilerskie potwierdzaj\u0105ce autentyczno\u015b\u0107.<\/p>\n<p>&nbsp;<\/p>\n","protected":false},"excerpt":{"rendered":"<p>Srebrny pier\u015bcionek z cyrkoniami. Rozmiar: regulowany Materia\u0142: srebro 925 Waga: ok. 2,5 g Wszystkie produkty posiadaj\u0105 metki jubilerskie potwierdzaj\u0105ce autentyczno\u015b\u0107.&hellip;<\/p>\n","protected":false},"featured_media":705,"comment_status":"open","ping_status":"closed","template":"","meta":{"_monsterinsights_skip_tracking":false,"_monsterinsights_sitenote_active":false,"_monsterinsights_sitenote_note":"","_monsterinsights_sitenote_category":0,"_uf_show_specific_survey":0,"_uf_disable_surveys":false},"product_brand":[],"product_cat":[22,23],"product_tag":[],"class_list":{"0":"post-704","1":"product","2":"type-product","3":"status-publish","4":"has-post-thumbnail","6":"product_cat-bizuteria-damska","7":"product_cat-pierscionki","9":"first","10":"instock","11":"shipping-taxable","12":"purchasable","13":"product-type-simple"},"aioseo_notices":[],"_links":{"self":[{"href":"https:\/\/srebrnica.pl\/index.php\/wp-json\/wp\/v2\/product\/704","targetHints":{"allow":["GET"]}}],"collection":[{"href":"https:\/\/srebrnica.pl\/index.php\/wp-json\/wp\/v2\/product"}],"about":[{"href":"https:\/\/srebrnica.pl\/index.php\/wp-json\/wp\/v2\/types\/product"}],"replies":[{"embeddable":true,"href":"https:\/\/srebrnica.pl\/index.php\/wp-json\/wp\/v2\/comments?post=704"}],"wp:featuredmedia":[{"embeddable":true,"href":"https:\/\/srebrnica.pl\/index.php\/wp-json\/wp\/v2\/media\/705"}],"wp:attachment":[{"href":"https:\/\/srebrnica.pl\/index.php\/wp-json\/wp\/v2\/media?parent=704"}],"wp:term":[{"taxonomy":"product_brand","embeddable":true,"href":"https:\/\/srebrnica.pl\/index.php\/wp-json\/wp\/v2\/product_brand?post=704"},{"taxonomy":"product_cat","embeddable":true,"href":"https:\/\/srebrnica.pl\/index.php\/wp-json\/wp\/v2\/product_cat?post=704"},{"taxonomy":"product_tag","embeddable":true,"href":"https:\/\/srebrnica.pl\/index.php\/wp-json\/wp\/v2\/product_tag?post=704"}],"curies":[{"name":"wp","href":"https:\/\/api.w.org\/{rel}","templated":true}]}}