{"id":753,"date":"2022-11-30T14:43:57","date_gmt":"2022-11-30T14:43:57","guid":{"rendered":"https:\/\/srebrnica.pl\/?post_type=product&#038;p=753"},"modified":"2023-06-11T17:58:03","modified_gmt":"2023-06-11T15:58:03","slug":"obraczka-srebrna-serce-925-9-usa-srebro","status":"publish","type":"product","link":"https:\/\/srebrnica.pl\/index.php\/produkt\/obraczka-srebrna-serce-925-9-usa-srebro\/","title":{"rendered":"Obr\u0105czka srebrna serce 925 9 USA srebro"},"content":{"rendered":"<p>Delikatna srebrna obr\u0105czka z motywem serca.<\/p>\n<p>Materia\u0142: srebro 925<\/p>\n<p>Rozmiar 9 USA (tabela na zdj\u0119ciu)<\/p>\n<p>Waga: 3,4 g<\/p>\n<p>Wszystkie produkty posiadaj\u0105 metki jubilerskie potwierdzaj\u0105ce autentyczno\u015b\u0107.<\/p>\n<p>&nbsp;<\/p>\n","protected":false},"excerpt":{"rendered":"<p>Delikatna srebrna obr\u0105czka z motywem serca. Materia\u0142: srebro 925 Rozmiar 9 USA (tabela na zdj\u0119ciu) Waga: 3,4 g Wszystkie produkty&hellip;<\/p>\n","protected":false},"featured_media":1993,"comment_status":"open","ping_status":"closed","template":"","meta":{"_monsterinsights_skip_tracking":false,"_monsterinsights_sitenote_active":false,"_monsterinsights_sitenote_note":"","_monsterinsights_sitenote_category":0,"_uf_show_specific_survey":0,"_uf_disable_surveys":false},"product_brand":[],"product_cat":[22,23],"product_tag":[],"class_list":{"0":"post-753","1":"product","2":"type-product","3":"status-publish","4":"has-post-thumbnail","6":"product_cat-bizuteria-damska","7":"product_cat-pierscionki","9":"first","10":"instock","11":"shipping-taxable","12":"purchasable","13":"product-type-simple"},"aioseo_notices":[],"_links":{"self":[{"href":"https:\/\/srebrnica.pl\/index.php\/wp-json\/wp\/v2\/product\/753","targetHints":{"allow":["GET"]}}],"collection":[{"href":"https:\/\/srebrnica.pl\/index.php\/wp-json\/wp\/v2\/product"}],"about":[{"href":"https:\/\/srebrnica.pl\/index.php\/wp-json\/wp\/v2\/types\/product"}],"replies":[{"embeddable":true,"href":"https:\/\/srebrnica.pl\/index.php\/wp-json\/wp\/v2\/comments?post=753"}],"wp:featuredmedia":[{"embeddable":true,"href":"https:\/\/srebrnica.pl\/index.php\/wp-json\/wp\/v2\/media\/1993"}],"wp:attachment":[{"href":"https:\/\/srebrnica.pl\/index.php\/wp-json\/wp\/v2\/media?parent=753"}],"wp:term":[{"taxonomy":"product_brand","embeddable":true,"href":"https:\/\/srebrnica.pl\/index.php\/wp-json\/wp\/v2\/product_brand?post=753"},{"taxonomy":"product_cat","embeddable":true,"href":"https:\/\/srebrnica.pl\/index.php\/wp-json\/wp\/v2\/product_cat?post=753"},{"taxonomy":"product_tag","embeddable":true,"href":"https:\/\/srebrnica.pl\/index.php\/wp-json\/wp\/v2\/product_tag?post=753"}],"curies":[{"name":"wp","href":"https:\/\/api.w.org\/{rel}","templated":true}]}}