{"id":81,"date":"2022-10-04T12:39:18","date_gmt":"2022-10-04T12:39:18","guid":{"rendered":"https:\/\/srebrnica.pl\/?post_type=product&#038;p=81"},"modified":"2023-07-03T14:05:58","modified_gmt":"2023-07-03T12:05:58","slug":"zestaw-srebro-925-bizuteria-srebrna-damska-lancuszek-przywieszka-kolczyki","status":"publish","type":"product","link":"https:\/\/srebrnica.pl\/index.php\/produkt\/zestaw-srebro-925-bizuteria-srebrna-damska-lancuszek-przywieszka-kolczyki\/","title":{"rendered":"Zestaw srebro 925 bi\u017cuteria srebrna damska \u0142a\u0144cuszek przywieszka kolczyki"},"content":{"rendered":"<p>Romantyczny zestaw sk\u0142adaj\u0105cy si\u0119 z:<br \/>\n\u0141ancuszka &#8211; 44 cm<br \/>\nKolczyk\u00f3w<br \/>\nPrzywieszki<br \/>\nSrebro pr\u00f3ba 925<\/p>\n<p>Waga: ok, 8 g<\/p>\n<p>Wszystkie produkty posiadaj\u0105 metki jubilerskie potwierdzaj\u0105ce autentyczno\u015b\u0107.<\/p>\n","protected":false},"excerpt":{"rendered":"<p>Romantyczny zestaw sk\u0142adaj\u0105cy si\u0119 z: \u0141ancuszka &#8211; 44 cm Kolczyk\u00f3w Przywieszki Srebro pr\u00f3ba 925 Waga: ok, 8 g Wszystkie produkty&hellip;<\/p>\n","protected":false},"featured_media":83,"comment_status":"open","ping_status":"closed","template":"","meta":{"_monsterinsights_skip_tracking":false,"_monsterinsights_sitenote_active":false,"_monsterinsights_sitenote_note":"","_monsterinsights_sitenote_category":0,"_uf_show_specific_survey":0,"_uf_disable_surveys":false},"product_brand":[],"product_cat":[22,32],"product_tag":[36,34,35,27,25,26,24,33],"class_list":{"0":"post-81","1":"product","2":"type-product","3":"status-publish","4":"has-post-thumbnail","6":"product_cat-bizuteria-damska","7":"product_cat-zestawy","8":"product_tag-kolczyki","9":"product_tag-lancuszek","10":"product_tag-przywieszka","11":"product_tag-srebrna-bizuteria","12":"product_tag-srebro","13":"product_tag-srebro925","14":"product_tag-zestaw","15":"product_tag-zestaw-srebrny","17":"first","18":"instock","19":"shipping-taxable","20":"purchasable","21":"product-type-simple"},"aioseo_notices":[],"_links":{"self":[{"href":"https:\/\/srebrnica.pl\/index.php\/wp-json\/wp\/v2\/product\/81","targetHints":{"allow":["GET"]}}],"collection":[{"href":"https:\/\/srebrnica.pl\/index.php\/wp-json\/wp\/v2\/product"}],"about":[{"href":"https:\/\/srebrnica.pl\/index.php\/wp-json\/wp\/v2\/types\/product"}],"replies":[{"embeddable":true,"href":"https:\/\/srebrnica.pl\/index.php\/wp-json\/wp\/v2\/comments?post=81"}],"wp:featuredmedia":[{"embeddable":true,"href":"https:\/\/srebrnica.pl\/index.php\/wp-json\/wp\/v2\/media\/83"}],"wp:attachment":[{"href":"https:\/\/srebrnica.pl\/index.php\/wp-json\/wp\/v2\/media?parent=81"}],"wp:term":[{"taxonomy":"product_brand","embeddable":true,"href":"https:\/\/srebrnica.pl\/index.php\/wp-json\/wp\/v2\/product_brand?post=81"},{"taxonomy":"product_cat","embeddable":true,"href":"https:\/\/srebrnica.pl\/index.php\/wp-json\/wp\/v2\/product_cat?post=81"},{"taxonomy":"product_tag","embeddable":true,"href":"https:\/\/srebrnica.pl\/index.php\/wp-json\/wp\/v2\/product_tag?post=81"}],"curies":[{"name":"wp","href":"https:\/\/api.w.org\/{rel}","templated":true}]}}