{"id":86,"date":"2022-10-04T12:50:05","date_gmt":"2022-10-04T12:50:05","guid":{"rendered":"https:\/\/srebrnica.pl\/?post_type=product&#038;p=86"},"modified":"2023-06-11T18:00:29","modified_gmt":"2023-06-11T16:00:29","slug":"srebrna-bizuteria-925-zestaw-serce-kolczyki-lancuszek-przywieszka-cyrkonie","status":"publish","type":"product","link":"https:\/\/srebrnica.pl\/index.php\/produkt\/srebrna-bizuteria-925-zestaw-serce-kolczyki-lancuszek-przywieszka-cyrkonie\/","title":{"rendered":"Srebrna bi\u017cuteria 925 zestaw serce kolczyki \u0142a\u0144cuszek przywieszka cyrkonie"},"content":{"rendered":"<p>\u015awietny wyb\u00f3r na prezent dla ukochanej.<br \/>\nZestaw srebrnej bi\u017cuterii, pr\u00f3ba 925.<br \/>\nWysoka jako\u015b\u0107 i elegenckie wykonanie.<br \/>\nWyj\u0105tkowo zaprojektowana bi\u017cuteria z motywem serca, ozdobionego cyrkoniami.<\/p>\n<p>W sk\u0142ad zestawu wchodz\u0105:<br \/>\n\u0141a\u0144cuszek<br \/>\nPrzywieszka<br \/>\nKolczyki<\/p>\n<p>Waga: ok 9,6 g<\/p>\n<p>Wszystkie produkty posiadaj\u0105 metki jubilerskie potwierdzaj\u0105ce autentyczno\u015b\u0107.<\/p>\n<p>&nbsp;<\/p>\n<p>&nbsp;<\/p>\n<p>&nbsp;<\/p>\n<p>&nbsp;<\/p>\n<p>&nbsp;<\/p>\n","protected":false},"excerpt":{"rendered":"<p>\u015awietny wyb\u00f3r na prezent dla ukochanej. Zestaw srebrnej bi\u017cuterii, pr\u00f3ba 925. Wysoka jako\u015b\u0107 i elegenckie wykonanie. Wyj\u0105tkowo zaprojektowana bi\u017cuteria z&hellip;<\/p>\n","protected":false},"featured_media":87,"comment_status":"open","ping_status":"closed","template":"","meta":{"_monsterinsights_skip_tracking":false,"_monsterinsights_sitenote_active":false,"_monsterinsights_sitenote_note":"","_monsterinsights_sitenote_category":0,"_uf_show_specific_survey":0,"_uf_disable_surveys":false},"product_brand":[],"product_cat":[22,32],"product_tag":[36,29,37,27,26,24,33],"class_list":{"0":"post-86","1":"product","2":"type-product","3":"status-publish","4":"has-post-thumbnail","6":"product_cat-bizuteria-damska","7":"product_cat-zestawy","8":"product_tag-kolczyki","9":"product_tag-pierscionek-srebrny","10":"product_tag-serce","11":"product_tag-srebrna-bizuteria","12":"product_tag-srebro925","13":"product_tag-zestaw","14":"product_tag-zestaw-srebrny","16":"first","17":"instock","18":"shipping-taxable","19":"purchasable","20":"product-type-simple"},"aioseo_notices":[],"_links":{"self":[{"href":"https:\/\/srebrnica.pl\/index.php\/wp-json\/wp\/v2\/product\/86","targetHints":{"allow":["GET"]}}],"collection":[{"href":"https:\/\/srebrnica.pl\/index.php\/wp-json\/wp\/v2\/product"}],"about":[{"href":"https:\/\/srebrnica.pl\/index.php\/wp-json\/wp\/v2\/types\/product"}],"replies":[{"embeddable":true,"href":"https:\/\/srebrnica.pl\/index.php\/wp-json\/wp\/v2\/comments?post=86"}],"wp:featuredmedia":[{"embeddable":true,"href":"https:\/\/srebrnica.pl\/index.php\/wp-json\/wp\/v2\/media\/87"}],"wp:attachment":[{"href":"https:\/\/srebrnica.pl\/index.php\/wp-json\/wp\/v2\/media?parent=86"}],"wp:term":[{"taxonomy":"product_brand","embeddable":true,"href":"https:\/\/srebrnica.pl\/index.php\/wp-json\/wp\/v2\/product_brand?post=86"},{"taxonomy":"product_cat","embeddable":true,"href":"https:\/\/srebrnica.pl\/index.php\/wp-json\/wp\/v2\/product_cat?post=86"},{"taxonomy":"product_tag","embeddable":true,"href":"https:\/\/srebrnica.pl\/index.php\/wp-json\/wp\/v2\/product_tag?post=86"}],"curies":[{"name":"wp","href":"https:\/\/api.w.org\/{rel}","templated":true}]}}